{"id":1084,"date":"2022-11-23T14:53:08","date_gmt":"2022-11-23T13:53:08","guid":{"rendered":"http:\/\/www.calculmentalcoursan.fr\/?page_id=1084"},"modified":"2022-11-23T14:55:23","modified_gmt":"2022-11-23T13:55:23","slug":"2018-2019","status":"publish","type":"page","link":"https:\/\/www.calculmentalcoursan.fr\/?page_id=1084","title":{"rendered":"2018 &#8211; 2019"},"content":{"rendered":"\n<h1>Concours 2019<\/h1>\n\n\n\n<p>Publi\u00e9 le&nbsp;<a href=\"http:\/\/www.calculmentalcoursan.fr\/?p=832\">7 janvier 2019<\/a>&nbsp;par&nbsp;<a href=\"http:\/\/www.calculmentalcoursan.fr\/?author=2\">pierre<\/a><\/p>\n\n\n\n<p>Bonjour \u00e0 tous.<\/p>\n\n\n\n<p>Je me permets de vous pr\u00e9senter mes meilleurs voeux pour cette ann\u00e9e 2019.<\/p>\n\n\n\n<p>La finale du concours 2019 aura lieu le&nbsp;<strong>mercredi 15 mai<\/strong>&nbsp;(17h) au Palais des Sports, des Arts et du Travail de la ville de Narbonne.<\/p>\n\n\n\n<p>Je remercie la ville de Narbonne pour la mise \u00e0 disposition gratuite de la salle.<\/p>\n\n\n\n<p>P. Marthe<\/p>\n\n\n\n<p>Inscriptions d\u00e9finitives 2019&nbsp;&nbsp;Au 01\/03\/19, m\u2019ont fait part de leur souhait de participer au concours :<\/p>\n\n\n\n<p><strong>Ecoles<\/strong>&nbsp;: St Marcel (2) \u2013 St Nazaire \u2013 Chavernac (Coursan) \u2013 Portel \u2013 Fleury (2) \u2013 Vinassan \u2013 Peyriac Minervois (1\/2) \u2013 Bize Minervois \u2013 J. Miquel (Coursan) \u2013 Bizanet \u2013 Ouveillan (1,5) \u2013 Marcorignan \u2013 Armissan \u2013 A. Pic (Port-La-Nouvelle)(2) \u2013 L. Ich\u00e9 (Sall\u00e8les d\u2019Aude) (2) \u2013 J. Jaur\u00e8s (Narbonne)(2)<\/p>\n\n\n\n<p><strong>Coll\u00e8ges<\/strong>&nbsp;: Grazailles (Carcassonne) \u2013 J. Anglade (L\u00e9zignan) \u2013 Cit\u00e9 (Narbonne) \u2013 Montesquieu (Narbonne) \u2013 M. Albert (St Nazaire) \u2013 Alain (Carcassonne) \u2013 P&amp;M Curie (Rieux-Minervois) \u2013 Hugo (Narbonne) (avec Segpa) \u2013 F. Giroud (Vendres, 34) \u2013 Varsovie (Carcassonne) \u2013 Corbi\u00e8res Maritimes (Sigean)<\/p>\n\n\n\n<p><strong>Lyc\u00e9es<\/strong>&nbsp;: E. Ferroul (L\u00e9zignan) \u2013 J. Fil (Carcassonne) \u2013 P. Sabatier (Carcassonne) \u2013 Lacroix (Narbonne) \u2013 L. Michel (Narbonne)<\/p>\n\n\n\n<p><strong>PS : Les 1\/2 finales devraient avoir lieu en semaine 15 (du 8 au 12 avril).<\/strong><\/p>\n\n\n\n<p><strong>Les sujets des 1\/2 finales ont envoy\u00e9s.<\/strong><\/p>\n\n\n\n<h1>Finale 2019<\/h1>\n\n\n\n<p>Publi\u00e9 le&nbsp;<a href=\"http:\/\/www.calculmentalcoursan.fr\/?p=868\">17 mai 2019<\/a>&nbsp;par&nbsp;<a href=\"http:\/\/www.calculmentalcoursan.fr\/?author=2\">pierre<\/a><\/p>\n\n\n\n<p>La&nbsp;finale du concours de calcul mental 2019 s\u2019est d\u00e9roul\u00e9e le mercredi 15 mai au Palais des Sports, des Arts et du Travail de la ville de Narbonne, en pr\u00e9sence de :<\/p>\n\n\n\n<p>M. Fr\u00e8re, Maire d\u2019Armissan,<\/p>\n\n\n\n<p>M. Chartreux (Ville de Coursan),<\/p>\n\n\n\n<p>M. Roques, IEN Narbonne II,<\/p>\n\n\n\n<p>Mme Cortella, directrice de l\u2019IREM de Montpellier,<\/p>\n\n\n\n<p>Mme Richard (MGEN),<\/p>\n\n\n\n<p>Mme Bouba (Casden)<\/p>\n\n\n\n<p>et sous la pr\u00e9sidence de M. Lamberte , Principal du coll\u00e8ge \u00ab&nbsp;Les Mailheuls&nbsp;\u00bb (Coursan).<\/p>\n\n\n\n<p>Avec 214 \u00e9l\u00e8ves qualifi\u00e9s pour cette finale, la salle des f\u00eates du Palais du Travail fut bien garnie ce mercredi 15 mai 2019.<\/p>\n\n\n\n<p>32 \u00e9tablissements scolaires de l\u2019Aude et de l\u2019H\u00e9rault \u00e9taient repr\u00e9sent\u00e9s (Ecoles primaires \u2013 Coll\u00e8ges, Segpa comprise \u2013 Lyc\u00e9es)&nbsp;<\/p>\n\n\n\n<p>Apr\u00e8s les 7 minutes d\u2019\u00e9preuve et la collation d\u2019usage (le temps que les nombreux enseignants pr\u00e9sents corrigent et classent les candidats), les r\u00e9compenses furent distribu\u00e9es sous des tonnerres d\u2019applaudissements bien m\u00e9rit\u00e9s.<\/p>\n\n\n\n<p>Les diff\u00e9rents lots ont pu \u00eatre&nbsp;r\u00e9colt\u00e9s ou achet\u00e9s gr\u00e2ce \u00e0 la g\u00e9n\u00e9rosit\u00e9 de nombreux partenaires :<\/p>\n\n\n\n<ul><li>Conseil D\u00e9partemental de l\u2019Aude<\/li><li>Syndicat Intercommunal de Gestion du Gymnase du Coll\u00e8ge de Coursan<\/li><li>MGEN (Aude)<\/li><li>CASDEN (Aude)<\/li><li>IREM de Montpellier<\/li><li>ACL \u00e9ditions<\/li><li>Les calculatrices NUMWORKS<\/li><li>CGR Narbonne<\/li><li>Centre de Voile \u00ab&nbsp;La Nautique&nbsp;\u00bb (Narbonne)<\/li><li>Mus\u00e9e des dinosaures (Esp\u00e9raza)<\/li><li>Plein Ciel (Carcassonne)<\/li><li>Centre Culturel Leclerc (Carcassonne)<\/li><li>Sun Karting (Karting et Accrobranches) (S\u00e9rignan)<\/li><li>Accrobranche La Yole (Vendres plage)<\/li><li>Acti-City (Narbonne)<\/li><li>Boulangerie Verk (Coursan) pour ses d\u00e9licieuses CHOCOLATINES.<\/li><li>Imprimerie Gavanon, pour&nbsp; les dipl\u00f4mes .<\/li><\/ul>\n\n\n\n<p>Merci \u00e0 M. Driou et S. Leroux d\u2019avoir prospect\u00e9 et obtenu de nombreux lots.<\/p>\n\n\n\n<p>Merci \u00e0 L. Blasco , L. Bruneau et S. Leroux&nbsp; pour la mise en place de la salle (lots et sujets) mercredi apr\u00e8s-midi.<\/p>\n\n\n\n<p>Merci \u00e0 N. Fourdrignier, S. Datin (Intendance du coll\u00e8ge les Mailheuls) pour la gestion financi\u00e8re du concours et aux agents qui ont install\u00e9 les tables et chaises mercredi matin.<\/p>\n\n\n\n<p>Une pens\u00e9e pour B. Collignon.<\/p>\n\n\n\n<p><a href=\"http:\/\/www.calculmentalcoursan.fr\/wp-content\/uploads\/2019\/05\/sujets_finale19.pdf\" target=\"_blank\" rel=\"noreferrer noopener\">sujets finale 2019<\/a>&nbsp;&nbsp;&nbsp;&nbsp;&nbsp;<a href=\"http:\/\/www.calculmentalcoursan.fr\/wp-content\/uploads\/2019\/06\/sujets-demifinale-2019.pdf\" target=\"_blank\" rel=\"noreferrer noopener\">sujets demi-finale 2019<\/a><\/p>\n\n\n\n<p><a href=\"http:\/\/www.calculmentalcoursan.fr\/wp-content\/uploads\/2019\/05\/Palmares19.pdf\" target=\"_blank\" rel=\"noreferrer noopener\">Palmar\u00e8s 2019<\/a><\/p>\n\n\n\n<p>Et&nbsp;de&nbsp;20 \u2026<\/p>\n","protected":false},"excerpt":{"rendered":"<p>Concours 2019 Publi\u00e9 le&nbsp;7 janvier 2019&nbsp;par&nbsp;pierre Bonjour \u00e0 tous. Je me permets de vous pr\u00e9senter mes meilleurs voeux pour cette ann\u00e9e 2019. La finale du concours 2019 aura lieu le&nbsp;mercredi 15 mai&nbsp;(17h) au Palais des Sports, des Arts et du &hellip; <a href=\"https:\/\/www.calculmentalcoursan.fr\/?page_id=1084\">Continuer la lecture <span class=\"meta-nav\">&rarr;<\/span><\/a><\/p>\n","protected":false},"author":2,"featured_media":0,"parent":16,"menu_order":0,"comment_status":"closed","ping_status":"closed","template":"","meta":[],"_links":{"self":[{"href":"https:\/\/www.calculmentalcoursan.fr\/index.php?rest_route=\/wp\/v2\/pages\/1084"}],"collection":[{"href":"https:\/\/www.calculmentalcoursan.fr\/index.php?rest_route=\/wp\/v2\/pages"}],"about":[{"href":"https:\/\/www.calculmentalcoursan.fr\/index.php?rest_route=\/wp\/v2\/types\/page"}],"author":[{"embeddable":true,"href":"https:\/\/www.calculmentalcoursan.fr\/index.php?rest_route=\/wp\/v2\/users\/2"}],"replies":[{"embeddable":true,"href":"https:\/\/www.calculmentalcoursan.fr\/index.php?rest_route=%2Fwp%2Fv2%2Fcomments&post=1084"}],"version-history":[{"count":4,"href":"https:\/\/www.calculmentalcoursan.fr\/index.php?rest_route=\/wp\/v2\/pages\/1084\/revisions"}],"predecessor-version":[{"id":1088,"href":"https:\/\/www.calculmentalcoursan.fr\/index.php?rest_route=\/wp\/v2\/pages\/1084\/revisions\/1088"}],"up":[{"embeddable":true,"href":"https:\/\/www.calculmentalcoursan.fr\/index.php?rest_route=\/wp\/v2\/pages\/16"}],"wp:attachment":[{"href":"https:\/\/www.calculmentalcoursan.fr\/index.php?rest_route=%2Fwp%2Fv2%2Fmedia&parent=1084"}],"curies":[{"name":"wp","href":"https:\/\/api.w.org\/{rel}","templated":true}]}}