{"id":1187,"date":"2023-04-26T09:12:53","date_gmt":"2023-04-26T07:12:53","guid":{"rendered":"http:\/\/www.calculmentalcoursan.fr\/?page_id=1187"},"modified":"2023-04-26T09:16:24","modified_gmt":"2023-04-26T07:16:24","slug":"1187-2","status":"publish","type":"page","link":"https:\/\/www.calculmentalcoursan.fr\/?page_id=1187","title":{"rendered":"2021 &#8211; 2022"},"content":{"rendered":"\n<p><strong>Voil\u00e0, c\u2019est fini !<\/strong>&nbsp;On a tant ressass\u00e9 les m\u00eames th\u00e9ories \u2026 (JL Aubert)<\/p>\n\n\n\n<p>Cela faisait 3 ans que l\u2019on ne s\u2019\u00e9taient pas vus ! Alors, malgr\u00e9 quelques rides et cheveux blancs suppl\u00e9mentaires, la reprise s\u2019est plut\u00f4t tr\u00e8s bien pass\u00e9e !<\/p>\n\n\n\n<p>On peut&nbsp;<strong>TOUS<\/strong>&nbsp;s\u2019en f\u00e9liciter !<\/p>\n\n\n\n<p>La premi\u00e8re finale post COVID du concours de calcul mental rapide et r\u00e9fl\u00e9chi \u00ab&nbsp;Jeux de Nombres en 7\u2019timanie&nbsp;\u00bb s\u2019est d\u00e9roul\u00e9e le mercredi 11 mai 2022.<\/p>\n\n\n\n<p><strong>En pr\u00e9sence de<\/strong>&nbsp;:<\/p>\n\n\n\n<p>Mme LAPEROUSE, IEN L\u00e9zignan-Corbi\u00e8res-Minervois, repr\u00e9sentant M. Le DASEN de l\u2019Aude,<\/p>\n\n\n\n<p>Mme CLEMENT, Principale du coll\u00e8ge \u00ab&nbsp;Les Mailheuls&nbsp;\u00bb de Coursan,<\/p>\n\n\n\n<p>M MASSERI, Pr\u00e9sident de la section Aude de la MGEN,<\/p>\n\n\n\n<p>Nombreux enseignants d\u2019\u00e9coles, coll\u00e8ges, lyc\u00e9es,<\/p>\n\n\n\n<p>Pr\u00e8s de 180 \u00e9l\u00e8ves de classes d\u2019ULIS, SEGPA, CM2 (et quelques CM1), Sixi\u00e8mes, Cinqui\u00e8mes, Quatri\u00e8mes, Troisi\u00e8mes et Secondes egt, qui ont compos\u00e9 (calcul\u00e9 !) pendant 7 min sur des sujets comprenant 20 \u00e0 32 questions.<\/p>\n\n\n\n<p>La pand\u00e9mie n\u2019a, semble-t-il, pas trop laiss\u00e9 de s\u00e9quelles puisque plusieurs finalistes ont rendu des copies parfaites, d\u2019autres, plus nombreux, des copies presque parfaites.<\/p>\n\n\n\n<p>Pendant le temps pris par la correction et le traitement des donn\u00e9es, une collation offerte \u00e0 tous les participants et leurs accompagnateurs a permis \u00e0 tout le monde de se r\u00e9g\u00e9n\u00e9rer avant la \u00ab&nbsp;terrible&nbsp;\u00bb \u00e9preuve de remise des r\u00e9compenses.<\/p>\n\n\n\n<p>De larges sourires mais aussi des larmes de joie ont pu \u00eatre alors observ\u00e9s au milieu de tonnerres d\u2019applaudissements amplement m\u00e9rit\u00e9s !<\/p>\n\n\n\n<p><strong>Nous nous<\/strong>&nbsp;<strong>devons de remercier pour l\u2019aide qu\u2019ils nous ont<\/strong>&nbsp;<strong>apport\u00e9<\/strong>&nbsp;:<\/p>\n\n\n\n<p>Le d\u00e9partement de l\u2019Aude,<\/p>\n\n\n\n<p>Le Syndicat Intercommunal de gestion du gymnase M. Barri\u00e8re,<\/p>\n\n\n\n<p>La mairie de Narbonne,<\/p>\n\n\n\n<p>La MGEN,<\/p>\n\n\n\n<p>La CASDEN,<\/p>\n\n\n\n<p>L\u2019imprimerie GAVANON,<\/p>\n\n\n\n<p>ACL-Editions<\/p>\n\n\n\n<p>Numworks,<\/p>\n\n\n\n<p>Plein Ciel \u2013 @computer Carcassonne,<\/p>\n\n\n\n<p>Espace culturel Leclerc Carcassonne,<\/p>\n\n\n\n<p>CGR Narbonne,<\/p>\n\n\n\n<p>Cultura Narbonne,<\/p>\n\n\n\n<p>Mus\u00e9e des dinosaures Esp\u00e9raza,<\/p>\n\n\n\n<p>l\u2019IREM de Montpellier<\/p>\n\n\n\n<p><strong>Je tiens \u00e9galement \u00e0 remercier<\/strong>&nbsp;:<\/p>\n\n\n\n<p>Mme Cl\u00e9ment, Principale du coll\u00e8ge Les Mailheuls,<\/p>\n\n\n\n<p>Mme Cand\u00e8s, Principale-Adjointe du coll\u00e8ge Les Mailheuls,<\/p>\n\n\n\n<p>Mme Fourdrignier, Gestionnaire du coll\u00e8ge Les Mailheuls,<\/p>\n\n\n\n<p>Mme Datin, secr\u00e9taire d\u2019intendance du coll\u00e8ge Les Mailheuls,<\/p>\n\n\n\n<p>Les agents du coll\u00e8ge Les Mailheuls, (Mise en place et nettoyage de la salle)<\/p>\n\n\n\n<p>Tous les enseignements qui relaient le concours dans leurs classes ou \u00e9tablissements, en particulier M. Blasco, Basile, Gibelin (Pr\u00e9paration de la salle) et M. Driou pour sa recherche fructueuse de lots.<\/p>\n\n\n\n<p>Enfin, une pens\u00e9e \u00e9mue pour Bernard C. qui m\u2019a tant aid\u00e9 depuis le d\u00e9but du concours.<\/p>\n\n\n\n<p><strong><mark>M<\/mark><mark>e<\/mark><mark>r<\/mark><mark>c<\/mark><mark>i<\/mark><\/strong>&nbsp;\u00e0 vous tous de faire en sorte que nos chers \u00e9l\u00e8ves puissent repartir heureux de leur mercredi apr\u00e8s-midi calculatoire ! Jubilatoire ?<\/p>\n\n\n\n<p>Pierre MARTHE<\/p>\n\n\n\n<p><strong>Ecoles<\/strong>&nbsp;: R. Cassin (Armissan) \u2013 R. Chavernac (Coursan) \u2013 A. Pic (3) (Port-La-Nouvelle) \u2013 A. Signoles (2) (Salles d\u2019Aude) \u2013 A. Malraux (2) (Fleury d\u2019Aude) \u2013 Bizanet \u2013 Saint Nazaire d\u2019Aude (2) \u2013 Montredon des Corbi\u00e8res \u2013 C. Pinaud (Prat-De-Cest Bages) \u2013 Ouveillan (2) \u2013 Pasteur (Narbonne) \u2013 N\u00e9vian \u2013 E. Zola (2) (Narbonne) \u2013 L. Ich\u00e9 (2)(Sall\u00e8les d\u2019Aude) \u2013 J. Jaur\u00e8s (2) (Narbonne) \u2013 Brossolette (Narbonne) \u2013 J. Miquel (Coursan)<\/p>\n\n\n\n<p><strong>Coll\u00e8ges<\/strong>&nbsp;: J. Anglade (L\u00e9zignan-Corbi\u00e8res) \u2013 Grazailles (Carcassonne) \u2013 Cit\u00e9 (Narbonne) \u2013 Montesquieu (+ SEGPA et ULIS)(Narbonne) \u2013 Rosa Parks (L\u00e9zignan-Corbi\u00e8res) \u2013 Varsovie (Carcassonne) \u2013 V. Hugo (+ SEGPA) (Narbonne) \u2013 P&amp;M. Curie (Rieux-Minervois) \u2013 SEGPA J. Ferry (Narbonne) \u2013 M. Albert (St Nazaire d\u2019Aude) \u2013 A. Chenier (Carcassonne)<\/p>\n\n\n\n<p><strong>Lyc\u00e9es<\/strong>&nbsp;: E. Ferroul (L\u00e9zignan-Corbi\u00e8res) \u2013 P. Sabatier (Carcassonne) \u2013 J. Fil (Carcassonne) \u2013 Louise-Michel (Narbonne) \u2013 Lacroix (Narbonne)<\/p>\n\n\n\n<p><a href=\"http:\/\/www.calculmentalcoursan.fr\/wp-content\/uploads\/2022\/05\/Palmares22.pdf\" target=\"_blank\" rel=\"noreferrer noopener\">Palmar\u00e8s<\/a><\/p>\n\n\n\n<p><a href=\"http:\/\/www.calculmentalcoursan.fr\/wp-content\/uploads\/2022\/05\/sujets_finale22tt.pdf\" target=\"_blank\" rel=\"noreferrer noopener\">Sujets finale<\/a><\/p>\n\n\n\n<p><a rel=\"noreferrer noopener\" href=\"http:\/\/www.calculmentalcoursan.fr\/wp-content\/uploads\/2022\/05\/sujets_demis-2022.pdf\" target=\"_blank\">Sujets demi-finales<\/a><\/p>\n\n\n\n<p><a href=\"http:\/\/www.calculmentalcoursan.fr\/wp-content\/uploads\/2022\/05\/article23mai.pdf\" target=\"_blank\" rel=\"noreferrer noopener\">Presse<\/a><\/p>\n","protected":false},"excerpt":{"rendered":"<p>Voil\u00e0, c\u2019est fini !&nbsp;On a tant ressass\u00e9 les m\u00eames th\u00e9ories \u2026 (JL Aubert) Cela faisait 3 ans que l\u2019on ne s\u2019\u00e9taient pas vus ! Alors, malgr\u00e9 quelques rides et cheveux blancs suppl\u00e9mentaires, la reprise s\u2019est plut\u00f4t tr\u00e8s bien pass\u00e9e ! &hellip; <a href=\"https:\/\/www.calculmentalcoursan.fr\/?page_id=1187\">Continuer la lecture <span class=\"meta-nav\">&rarr;<\/span><\/a><\/p>\n","protected":false},"author":2,"featured_media":0,"parent":16,"menu_order":0,"comment_status":"closed","ping_status":"closed","template":"","meta":[],"_links":{"self":[{"href":"https:\/\/www.calculmentalcoursan.fr\/index.php?rest_route=\/wp\/v2\/pages\/1187"}],"collection":[{"href":"https:\/\/www.calculmentalcoursan.fr\/index.php?rest_route=\/wp\/v2\/pages"}],"about":[{"href":"https:\/\/www.calculmentalcoursan.fr\/index.php?rest_route=\/wp\/v2\/types\/page"}],"author":[{"embeddable":true,"href":"https:\/\/www.calculmentalcoursan.fr\/index.php?rest_route=\/wp\/v2\/users\/2"}],"replies":[{"embeddable":true,"href":"https:\/\/www.calculmentalcoursan.fr\/index.php?rest_route=%2Fwp%2Fv2%2Fcomments&post=1187"}],"version-history":[{"count":3,"href":"https:\/\/www.calculmentalcoursan.fr\/index.php?rest_route=\/wp\/v2\/pages\/1187\/revisions"}],"predecessor-version":[{"id":1190,"href":"https:\/\/www.calculmentalcoursan.fr\/index.php?rest_route=\/wp\/v2\/pages\/1187\/revisions\/1190"}],"up":[{"embeddable":true,"href":"https:\/\/www.calculmentalcoursan.fr\/index.php?rest_route=\/wp\/v2\/pages\/16"}],"wp:attachment":[{"href":"https:\/\/www.calculmentalcoursan.fr\/index.php?rest_route=%2Fwp%2Fv2%2Fmedia&parent=1187"}],"curies":[{"name":"wp","href":"https:\/\/api.w.org\/{rel}","templated":true}]}}