{"id":1328,"date":"2024-04-25T22:06:36","date_gmt":"2024-04-25T20:06:36","guid":{"rendered":"https:\/\/www.calculmentalcoursan.fr\/?page_id=1328"},"modified":"2024-04-25T22:08:35","modified_gmt":"2024-04-25T20:08:35","slug":"2022-2023","status":"publish","type":"page","link":"https:\/\/www.calculmentalcoursan.fr\/?page_id=1328","title":{"rendered":"2022 &#8211; 2023"},"content":{"rendered":"\n<p>Finale du 19 avril 2023<\/p>\n\n\n\n<p><strong>En pr\u00e9sence de<\/strong>&nbsp;:<\/p>\n\n\n\n<p>M ROQUES, IEN Narbonne2, pour sa derni\u00e8re visite en tant qu&rsquo;IEN, et que je tiens encore ici \u00e0 remercier pour son soutien, sans cesse renouvel\u00e9 depuis pr\u00e8s de 15 ans.<\/p>\n\n\n\n<p>Mme SEGURA, Conseill\u00e8re P\u00e9dagogique D\u00e9partementale des Fondamentaux<\/p>\n\n\n\n<p>Mme SUROWKA, Principale du coll\u00e8ge V. Hugo (repr\u00e9sentant Mme Cl\u00e9ment, Principale du coll\u00e8ge \u00ab&nbsp;Les Mailheuls&nbsp;\u00bb, retenue au rectorat),<\/p>\n\n\n\n<p>M MASSERI, Pr\u00e9sident de la section Aude de la MGEN,<\/p>\n\n\n\n<p>Mme SAUNIERE, Conseill\u00e8re Municipale de Coursan,<\/p>\n\n\n\n<p>Nombreux enseignants d\u2019\u00e9coles, coll\u00e8ges, lyc\u00e9es,<\/p>\n\n\n\n<p>Pr\u00e8s de<strong> 230 \u00e9l\u00e8ves<\/strong> (nouveau record de participation) de classes d\u2019ULIS, SEGPA, CM2 (et quelques CM1), Sixi\u00e8mes, Cinqui\u00e8mes, Quatri\u00e8mes, Troisi\u00e8mes et Secondes egt, qui ont compos\u00e9 (calcul\u00e9 !) pendant 7 min sur des sujets comprenant 20 \u00e0 32 questions.<\/p>\n\n\n\n<p>Pendant le temps pris par la correction et le traitement des donn\u00e9es, une collation offerte \u00e0 tous les participants et leurs accompagnateurs a permis \u00e0 tout le monde de se r\u00e9g\u00e9n\u00e9rer avant la \u00ab&nbsp;terrible&nbsp;\u00bb \u00e9preuve de remise des r\u00e9compenses.<\/p>\n\n\n\n<p>De larges sourires mais aussi des larmes de joie ont pu \u00eatre alors observ\u00e9s au milieu de tonnerres d\u2019applaudissements amplement m\u00e9rit\u00e9s !<\/p>\n\n\n\n<p><strong>Nous nous<\/strong>&nbsp;<strong>devons de remercier pour l\u2019aide qu\u2019ils nous ont<\/strong>&nbsp;<strong>apport\u00e9<\/strong>&nbsp;:<\/p>\n\n\n\n<p>Le d\u00e9partement de l\u2019Aude,<\/p>\n\n\n\n<p>Le Syndicat Intercommunal de gestion du gymnase M. Barri\u00e8re,<\/p>\n\n\n\n<p>La mairie de Narbonne,<\/p>\n\n\n\n<p>La MGEN,<\/p>\n\n\n\n<p>La CASDEN,<\/p>\n\n\n\n<p>L\u2019imprimerie GAVANON,<\/p>\n\n\n\n<p>ACL-Editions<\/p>\n\n\n\n<p>Numworks,<\/p>\n\n\n\n<p>Plein Ciel \u2013 @computer Carcassonne,<\/p>\n\n\n\n<p>Espace culturel Leclerc Carcassonne,<\/p>\n\n\n\n<p>CGR Narbonne,<\/p>\n\n\n\n<p>Cultura Narbonne,<\/p>\n\n\n\n<p>Mus\u00e9e des dinosaures Esp\u00e9raza,<\/p>\n\n\n\n<p>Le lyc\u00e9e J. Fil (Carcassonne) <\/p>\n\n\n\n<p><strong>Je tiens \u00e9galement \u00e0 remercier<\/strong>&nbsp;:<\/p>\n\n\n\n<p>Mme Cl\u00e9ment, Principale du coll\u00e8ge Les Mailheuls,<\/p>\n\n\n\n<p>Mme Maur\u00e9ta, Principale-Adjointe du coll\u00e8ge Les Mailheuls,<\/p>\n\n\n\n<p>Mme Fourdrignier, Gestionnaire du coll\u00e8ge Les Mailheuls,<\/p>\n\n\n\n<p>Mme Datin, secr\u00e9taire d\u2019intendance du coll\u00e8ge Les Mailheuls,<\/p>\n\n\n\n<p>Les agents du coll\u00e8ge Les Mailheuls, (Mise en place et nettoyage de la salle)<\/p>\n\n\n\n<p>Tous les enseignements qui relaient le concours dans leurs classes ou \u00e9tablissements, en particulier Melle Bourlet,  M. Blasco, Basile, Bruneau, Delpuech (Pr\u00e9paration de la salle  , traitement num\u00e9rique et pr\u00e9paration des lots),<\/p>\n\n\n\n<p>Mme Hocine (pour sa proposition d&rsquo;aide ) <\/p>\n\n\n\n<p>M. Driou pour sa recherche fructueuse de lots.<\/p>\n\n\n\n<p>Enfin, une pens\u00e9e sinc\u00e8re et \u00e9mue pour Bernard C. qui m\u2019a tant aid\u00e9 depuis le d\u00e9but du concours.<\/p>\n\n\n\n<p><strong><mark>M<\/mark><mark>e<\/mark><mark>r<\/mark><mark>c<\/mark><mark>i<\/mark><\/strong>&nbsp;\u00e0 vous tous de faire en sorte que nos chers \u00e9l\u00e8ves puissent repartir heureux de leur mercredi apr\u00e8s-midi calculatoire ! Jubilatoire ?<\/p>\n\n\n\n<p><\/p>\n\n\n\n<p>Palmar\u00e8s  :  <a href=\"http:\/\/www.calculmentalcoursan.fr\/wp-content\/uploads\/2023\/04\/PALMARES-2023.pdf\" target=\"_blank\" rel=\"noreferrer noopener\">Palmar\u00e8s 2023<\/a> <\/p>\n\n\n\n<p class=\"has-text-align-left\">Sujets :       <a rel=\"noreferrer noopener\" href=\"http:\/\/www.calculmentalcoursan.fr\/wp-content\/uploads\/2023\/04\/sujets_demis-2023.pdf\" target=\"_blank\">Sujets 1\/2 finales<\/a>                <a rel=\"noreferrer noopener\" href=\"http:\/\/www.calculmentalcoursan.fr\/wp-content\/uploads\/2023\/04\/sujets_finale-site.pdf\" target=\"_blank\">Sujets finale<\/a> <\/p>\n\n\n\n<p><\/p>\n\n\n\n<p>Photos :  Cr\u00e9ateurs des sujets     <a rel=\"noreferrer noopener\" href=\"http:\/\/www.calculmentalcoursan.fr\/wp-content\/uploads\/2023\/04\/IMG_7199-scaled.jpg\" target=\"_blank\">Melle MAILLET &#8211; M. BASILE  &#8211; Melle BOURLET<\/a><\/p>\n\n\n\n<p><\/p>\n\n\n\n<p>Presse : <a rel=\"noreferrer noopener\" href=\"http:\/\/www.calculmentalcoursan.fr\/wp-content\/uploads\/2023\/05\/Article-3-mai.pdf\" target=\"_blank\">L&rsquo;ind\u00e9pendant du 3 mai 2023<\/a><\/p>\n\n\n\n<p><strong>Ecoles<\/strong> : R. Cassin (Armissan) &#8211; R. Chavernac (Coursan) &#8211; A. Pic (3)  (Port-La-Nouvelle) &#8211; A. Signoles (2) (Salles d&rsquo;Aude) &#8211; A. Malraux (2) (Fleury d&rsquo;Aude) &#8211; Bizanet &#8211; Saint Nazaire d&rsquo;Aude (2) &#8211; Montredon des Corbi\u00e8res &#8211; C. Pinaud (Prat-De-Cest  Bages) &#8211; Ouveillan (2) &#8211; Pasteur (Narbonne) &#8211; N\u00e9vian &#8211; E. Zola (2) (Narbonne) &#8211; L. Ich\u00e9 (2)(Sall\u00e8les d&rsquo;Aude)  &#8211; J. Jaur\u00e8s (2) (Narbonne) &#8211; Brossolette (Narbonne) &#8211; J. Miquel (Coursan) <\/p>\n\n\n\n<p class=\"has-black-color has-text-color\"><strong>Coll\u00e8ges<\/strong> : J. Anglade (L\u00e9zignan-Corbi\u00e8res) &#8211; Grazailles (Carcassonne) &#8211; Cit\u00e9 (Narbonne) &#8211; Montesquieu (+ SEGPA et ULIS)(Narbonne) &#8211; Rosa Parks (L\u00e9zignan-Corbi\u00e8res) &#8211; Varsovie (Carcassonne) &#8211; V. Hugo (+ SEGPA) (Narbonne) &#8211; P&amp;M. Curie (Rieux-Minervois) &#8211; SEGPA J. Ferry (Narbonne) &#8211; M. Albert (St Nazaire d&rsquo;Aude) &#8211; A. Chenier (Carcassonne)<\/p>\n\n\n\n<p><strong>Lyc\u00e9es<\/strong> : E. Ferroul (L\u00e9zignan-Corbi\u00e8res) &#8211; P. Sabatier (Carcassonne) &#8211; J. Fil (Carcassonne) &#8211; Louise-Michel (Narbonne)  &#8211; Lacroix (Narbonne)<\/p>\n\n\n\n<figure class=\"wp-block-image size-full\"><a href=\"http:\/\/www.calculmentalcoursan.fr\/wp-content\/uploads\/2023\/06\/stade2-rotated.jpg\"><img loading=\"lazy\" width=\"294\" height=\"142\" src=\"http:\/\/www.calculmentalcoursan.fr\/wp-content\/uploads\/2023\/06\/stade2-rotated.jpg\" alt=\"\" class=\"wp-image-1207\"\/><\/a><figcaption>ET 22<\/figcaption><\/figure>\n\n\n\n<p><\/p>\n","protected":false},"excerpt":{"rendered":"<p>Finale du 19 avril 2023 En pr\u00e9sence de&nbsp;: M ROQUES, IEN Narbonne2, pour sa derni\u00e8re visite en tant qu&rsquo;IEN, et que je tiens encore ici \u00e0 remercier pour son soutien, sans cesse renouvel\u00e9 depuis pr\u00e8s de 15 ans. Mme SEGURA, &hellip; <a href=\"https:\/\/www.calculmentalcoursan.fr\/?page_id=1328\">Continuer la lecture <span class=\"meta-nav\">&rarr;<\/span><\/a><\/p>\n","protected":false},"author":2,"featured_media":0,"parent":16,"menu_order":0,"comment_status":"closed","ping_status":"closed","template":"","meta":[],"_links":{"self":[{"href":"https:\/\/www.calculmentalcoursan.fr\/index.php?rest_route=\/wp\/v2\/pages\/1328"}],"collection":[{"href":"https:\/\/www.calculmentalcoursan.fr\/index.php?rest_route=\/wp\/v2\/pages"}],"about":[{"href":"https:\/\/www.calculmentalcoursan.fr\/index.php?rest_route=\/wp\/v2\/types\/page"}],"author":[{"embeddable":true,"href":"https:\/\/www.calculmentalcoursan.fr\/index.php?rest_route=\/wp\/v2\/users\/2"}],"replies":[{"embeddable":true,"href":"https:\/\/www.calculmentalcoursan.fr\/index.php?rest_route=%2Fwp%2Fv2%2Fcomments&post=1328"}],"version-history":[{"count":3,"href":"https:\/\/www.calculmentalcoursan.fr\/index.php?rest_route=\/wp\/v2\/pages\/1328\/revisions"}],"predecessor-version":[{"id":1332,"href":"https:\/\/www.calculmentalcoursan.fr\/index.php?rest_route=\/wp\/v2\/pages\/1328\/revisions\/1332"}],"up":[{"embeddable":true,"href":"https:\/\/www.calculmentalcoursan.fr\/index.php?rest_route=\/wp\/v2\/pages\/16"}],"wp:attachment":[{"href":"https:\/\/www.calculmentalcoursan.fr\/index.php?rest_route=%2Fwp%2Fv2%2Fmedia&parent=1328"}],"curies":[{"name":"wp","href":"https:\/\/api.w.org\/{rel}","templated":true}]}}