{"id":23,"date":"2014-05-04T16:16:03","date_gmt":"2014-05-04T14:16:03","guid":{"rendered":"http:\/\/calculmentalcoursan.free.fr\/?page_id=23"},"modified":"2024-09-02T00:04:47","modified_gmt":"2024-09-01T22:04:47","slug":"participer","status":"publish","type":"page","link":"https:\/\/www.calculmentalcoursan.fr\/?page_id=23","title":{"rendered":"Organisation"},"content":{"rendered":"<p><span style=\"color: #0000ff;\">Le Concours s&rsquo;organise en (2 ou) 3 \u00e9tapes :<\/span><\/p>\n<p><span style=\"color: #0000ff;\">1) <span style=\"color: black;\">S\u00e9lection des \u00e9l\u00e8ves par classe<\/span>, (Au choix des \u00e9quipes ou de l&rsquo;enseignant)(sauf Cm2)<\/span><\/p>\n<p><span style=\"color: #0000ff;\"> 2)\u00a0<span style=\"color: #33cc00;\">S\u00e9lection des \u00e9l\u00e8ves par \u00e9tablissement<\/span> : 1\/2 finales<\/span><\/p>\n<p><span style=\"color: #0000ff;\">Chaque coll\u00e8ge se voit attribuer 2 invitations par niveau de la voie g\u00e9n\u00e9rale (un peu plus pour les classes de Segpa).<\/span><br \/>\n<span style=\"color: #0000ff;\">Chaque lyc\u00e9e qualifie entre 10 et 12 \u00e9l\u00e8ves.<\/span><\/p>\n<p><span style=\"color: #0000ff;\">Chaque classe enti\u00e8re de Cm2 qualifie <\/span><span style=\"color: #0000ff;\">3 \u00e9l\u00e8ves.<\/span><\/p>\n<p><span style=\"color: #0000ff;\">Un sujet \u00ab\u00a0commun\u00a0\u00bb, par niveau, personnalis\u00e9, est propos\u00e9 \u00e0 chaque \u00e9tablissement avec une indication de dates pour le passage de l&rsquo;\u00e9preuve (entre 3 et 4 semaines avant la finale).<br \/>\nCe sujet reprend le format du sujet de la finale ainsi que son temps de passage (7 min) .\u00a0<\/span><\/p>\n<p><span style=\"color: #000000;\"><span style=\"color: #0000ff;\">3)<span style=\"color: #ff0000;\">Finale<\/span> regroupant tous les qualifi\u00e9s. Cette finale se d\u00e9roule dans la salle des f\u00eates du Palais des Sports, des Arts et du Travail de la ville de Narbonne\u00a0<\/span><\/span><\/p>\n<p><span style=\"text-decoration: underline;\">Comment faire pour participer<\/span> ? Un courrier est envoy\u00e9 dans tous les \u00e9tablissements de l&rsquo;Aude, indiquant les diff\u00e9rentes dates (fin de limite des inscriptions, jour de la finale), ce courrier contient une convention liant l&rsquo;\u00e9tablissement participant et le coll\u00e8ge de Coursan (Organisateur). Cette convention indique, en particulier, le montant des frais d&rsquo;inscription (\u00e0 titre d&rsquo;exemple : 20\u20ac pour une classe de CM2, 60\u20ac pour un coll\u00e8ge, 100 \u20ac pour un lyc\u00e9e) et doit \u00eatre retourn\u00e9e \u00e0 Coursan pour qu&rsquo;une facture soit \u00e9tablie.<\/p>\n<p>Il est important que l&rsquo;\u00e9tablissement souhaitant participer prenne contact avec l&rsquo;enseignant cr\u00e9ateur-organisateur du concours.\u00a0<a href=\"mailto:%20jeuxdenombresen7timanie@gmail.com\">Organisateur<\/a><\/p>\n<p><span style=\"text-decoration: underline;\">Le d\u00e9roulement de la finale<\/span>\u00a0: Tous les qualifi\u00e9s (et leurs enseignants) se retrouvent un mercredi apr\u00e8s-midi (en g\u00e9n\u00e9ral au mois d&rsquo;avril) aux alentours de 17h , \u00e0 Narbonne. Les \u00e9l\u00e8ves rentrent dans la salle \u00a0niveau par niveau, un sujet (chaque niveau a sa couleur de sujet) et un stylo par qualifi\u00e9 sont d\u00e9j\u00e0 dispos\u00e9s sur les tables.<\/p>\n<p>Apr\u00e8s les discours d&rsquo;usage, l&rsquo;\u00e9preuve est lanc\u00e9e (dur\u00e9e : 7 min) . S&rsquo;en suivent, de mani\u00e8re simultan\u00e9e, la correction (pour les enseignants) et une collation. D\u00e8s que possible, les palmar\u00e8s sont publi\u00e9s, et les meilleurs sont invit\u00e9s \u00e0 monter sur la sc\u00e8ne pour recevoir les f\u00e9licitations et leurs lots. A noter que tous les qualifi\u00e9s repartent avec un dipl\u00f4me et un lot.<\/p>\n<p>Les scores ne sont pas communiqu\u00e9s. (sauf cas particuliers, par exemple, les excellents r\u00e9sultats des sixi\u00e8mes en 2014, 32\/32 , 31\/32 et 30\/32 pour les trois premiers ou les deux ex-aequos vainqueurs en 2014 au niveau CM2 avec 27\/28)<\/p>\n","protected":false},"excerpt":{"rendered":"<p>Le Concours s&rsquo;organise en (2 ou) 3 \u00e9tapes : 1) S\u00e9lection des \u00e9l\u00e8ves par classe, (Au choix des \u00e9quipes ou de l&rsquo;enseignant)(sauf Cm2) 2)\u00a0S\u00e9lection des \u00e9l\u00e8ves par \u00e9tablissement : 1\/2 finales Chaque coll\u00e8ge se voit attribuer 2 invitations par niveau &hellip; <a href=\"https:\/\/www.calculmentalcoursan.fr\/?page_id=23\">Continuer la lecture <span class=\"meta-nav\">&rarr;<\/span><\/a><\/p>\n","protected":false},"author":2,"featured_media":0,"parent":0,"menu_order":1,"comment_status":"closed","ping_status":"closed","template":"","meta":[],"_links":{"self":[{"href":"https:\/\/www.calculmentalcoursan.fr\/index.php?rest_route=\/wp\/v2\/pages\/23"}],"collection":[{"href":"https:\/\/www.calculmentalcoursan.fr\/index.php?rest_route=\/wp\/v2\/pages"}],"about":[{"href":"https:\/\/www.calculmentalcoursan.fr\/index.php?rest_route=\/wp\/v2\/types\/page"}],"author":[{"embeddable":true,"href":"https:\/\/www.calculmentalcoursan.fr\/index.php?rest_route=\/wp\/v2\/users\/2"}],"replies":[{"embeddable":true,"href":"https:\/\/www.calculmentalcoursan.fr\/index.php?rest_route=%2Fwp%2Fv2%2Fcomments&post=23"}],"version-history":[{"count":2,"href":"https:\/\/www.calculmentalcoursan.fr\/index.php?rest_route=\/wp\/v2\/pages\/23\/revisions"}],"predecessor-version":[{"id":1365,"href":"https:\/\/www.calculmentalcoursan.fr\/index.php?rest_route=\/wp\/v2\/pages\/23\/revisions\/1365"}],"wp:attachment":[{"href":"https:\/\/www.calculmentalcoursan.fr\/index.php?rest_route=%2Fwp%2Fv2%2Fmedia&parent=23"}],"curies":[{"name":"wp","href":"https:\/\/api.w.org\/{rel}","templated":true}]}}