{"id":417,"date":"2014-11-28T18:06:14","date_gmt":"2014-11-28T17:06:14","guid":{"rendered":"http:\/\/www.calculmentalcoursan.fr\/?page_id=417"},"modified":"2024-04-25T22:03:45","modified_gmt":"2024-04-25T20:03:45","slug":"2009-2010","status":"publish","type":"page","link":"https:\/\/www.calculmentalcoursan.fr\/?page_id=417","title":{"rendered":"2009 &#8211; 2010"},"content":{"rendered":"<h2><small>La Finale s&rsquo;est d\u00e9roul\u00e9e le mercredi 5 mai\u00a02010 \u00e0 la salle des F\u00eates du\u00a0 Palais des Sports, des Arts, et du Travail de la ville de Narbonne, sous la pr\u00e9sidence de M. Andrieu, Principale du coll\u00e8ge Les Mailheuls et en pr\u00e9sence de :<\/small><\/h2>\n<h3><small>M. Ich\u00e9, repr\u00e9sentant de M. Le Recteur, M. Vanthouroux, repr\u00e9sentant M. L&rsquo;I.A. de L&rsquo;Aude, de \u00a0M. Roques, Iden, de M. Pla, Conseiller g\u00e9n\u00e9ral et maire de Coursan, Vice-Pr\u00e9sident de L&rsquo;Agglom\u00e9ration de Narbonne, \u00a0de repr\u00e9sentants des collectivit\u00e9s de rattachement des \u00e9tablissements, de Chefs d&rsquo;Etablissements et adjoints , de nombreux professeurs d&rsquo;\u00e9cole.<\/small><\/h3>\n<p><small>Pr\u00e8s de 150 \u00e9l\u00e8ves ont compos\u00e9 lors de cette finale durant les 7 minutes de l&rsquo;\u00e9preuve puis, le temps de la correction, ont pu profiter d&rsquo;une collation avant la remise des prix.<\/small><\/p>\n<p><small>Nous remercions pour leur participation :<\/small><\/p>\n<p>La ville de Narbonne et la communaut\u00e9 d&rsquo;agglom\u00e9ration<\/p>\n<p>La D.A.A.C. (Acad\u00e9mie de Montpellier)<\/p>\n<p><small>Les Chefs d&rsquo;Etablissements et enseignants des \u00e9coles &#8211; coll\u00e8ges &#8211; lyc\u00e9es ayant particip\u00e9 \u00e0 cette \u00e9preuve.<\/small><br \/>\n<small><\/small><\/p>\n<p><small>Le Sundicat Intercommunal de Coursan-Cuxac<\/small><\/p>\n<p><small> L&rsquo;A.P.M.E.P. (Association des Professeurs de Math\u00e9matiques de l&rsquo;Enseignement Public)<\/small><\/p>\n<p>Les \u00e9ditions A.C.L.<\/p>\n<p>La MAIF<\/p>\n<p>Acti-City<\/p>\n<p>L&rsquo;Agence CIC de Coursan<\/p>\n<p>Cultura Narbonne<\/p>\n<p>D\u00e9cathlon Narbonne<\/p>\n<p>Ainsi que les agents et enseignants ayant \u0153uvr\u00e9 avant, pendant et apr\u00e8s la manifestation.<\/p>\n<h2><span style=\"text-decoration: underline;\">Les participants<\/span>\u00a0:<\/h2>\n<p><span style=\"text-decoration: underline;\"><em><strong><span style=\"color: #993366;\">Lyc\u00e9es<\/span><\/strong><\/em><\/span><span style=\"color: #993366;\">\u00a0<span style=\"color: #000000;\">(3)\u00a0<\/span><span style=\"color: #000000;\">: Narbonne : \u00a0Diderot (2Egt) , Lacroix (2Egt) \u00a0et Eiffel (2Pro)<\/span><\/span><\/p>\n<p><span style=\"color: #0000ff;\"><em><span style=\"text-decoration: underline;\"><strong><span style=\"color: #3366ff;\">C<\/span><span style=\"color: #3366ff;\">oll\u00e8ges<\/span><\/strong><\/span><\/em><\/span><span style=\"color: #0000ff;\"><span style=\"color: #000000;\">\u00a0(10) :<\/span> <span style=\"color: #000000;\">J. Anglade (L\u00e9zignan)\u00a0; V. Hugo,\u00a0Montesquieu, Cit\u00e9 , Ferry (Narbonne)\u00a0;\u00a0Les Mailheuls (Coursan) ;\u00a0M. Albert (St Nazaire)\u00a0;\u00a0K&amp;M Krafft (B\u00e9ziers)\u00a0; Grazailles, Chenier (Carcassonne)\u00a0; \u00a0<\/span><\/span><\/p>\n<p><span style=\"color: #000000;\"><strong><span style=\"text-decoration: underline;\"><span style=\"color: #ff0000;\">Ecoles<\/span><\/span><\/strong>\u00a0(3) : Ecole J. Mac\u00e9 (Narbonne) ;\u00a0Ecole A. Malraux (Fleury) ;\u00a0Ecole J. Miquel (Coursan)<\/span><\/p>\n","protected":false},"excerpt":{"rendered":"<p>La Finale s&rsquo;est d\u00e9roul\u00e9e le mercredi 5 mai\u00a02010 \u00e0 la salle des F\u00eates du\u00a0 Palais des Sports, des Arts, et du Travail de la ville de Narbonne, sous la pr\u00e9sidence de M. Andrieu, Principale du coll\u00e8ge Les Mailheuls et en &hellip; <a href=\"https:\/\/www.calculmentalcoursan.fr\/?page_id=417\">Continuer la lecture <span class=\"meta-nav\">&rarr;<\/span><\/a><\/p>\n","protected":false},"author":2,"featured_media":0,"parent":16,"menu_order":0,"comment_status":"closed","ping_status":"closed","template":"","meta":[],"_links":{"self":[{"href":"https:\/\/www.calculmentalcoursan.fr\/index.php?rest_route=\/wp\/v2\/pages\/417"}],"collection":[{"href":"https:\/\/www.calculmentalcoursan.fr\/index.php?rest_route=\/wp\/v2\/pages"}],"about":[{"href":"https:\/\/www.calculmentalcoursan.fr\/index.php?rest_route=\/wp\/v2\/types\/page"}],"author":[{"embeddable":true,"href":"https:\/\/www.calculmentalcoursan.fr\/index.php?rest_route=\/wp\/v2\/users\/2"}],"replies":[{"embeddable":true,"href":"https:\/\/www.calculmentalcoursan.fr\/index.php?rest_route=%2Fwp%2Fv2%2Fcomments&post=417"}],"version-history":[{"count":16,"href":"https:\/\/www.calculmentalcoursan.fr\/index.php?rest_route=\/wp\/v2\/pages\/417\/revisions"}],"predecessor-version":[{"id":535,"href":"https:\/\/www.calculmentalcoursan.fr\/index.php?rest_route=\/wp\/v2\/pages\/417\/revisions\/535"}],"up":[{"embeddable":true,"href":"https:\/\/www.calculmentalcoursan.fr\/index.php?rest_route=\/wp\/v2\/pages\/16"}],"wp:attachment":[{"href":"https:\/\/www.calculmentalcoursan.fr\/index.php?rest_route=%2Fwp%2Fv2%2Fmedia&parent=417"}],"curies":[{"name":"wp","href":"https:\/\/api.w.org\/{rel}","templated":true}]}}