{"id":427,"date":"2014-11-28T18:56:41","date_gmt":"2014-11-28T17:56:41","guid":{"rendered":"http:\/\/www.calculmentalcoursan.fr\/?page_id=427"},"modified":"2014-12-26T09:28:06","modified_gmt":"2014-12-26T08:28:06","slug":"2008-2009","status":"publish","type":"page","link":"https:\/\/www.calculmentalcoursan.fr\/?page_id=427","title":{"rendered":"2008 &#8211; 2009"},"content":{"rendered":"<h2><small>Pour la premi\u00e8re \u00e9dition du concours, la Finale s\u2019est d\u00e9roul\u00e9e le mercredi 27 mai\u00a02009 \u00e0 la salle des F\u00eates du\u00a0 Palais des Sports, des Arts, et du Travail de la ville de Narbonne, sous la pr\u00e9sidence de M. Andrieu, Principale du coll\u00e8ge Les Mailheuls et en pr\u00e9sence de :<\/small><\/h2>\n<h3><small>M. Koch,\u00a0I.A. de L\u2019Aude, de Mme Pag\u00e8s, IA-IPR de math\u00e9matiques, de Chefs d\u2019Etablissements et adjoints des coll\u00e8ges et lyc\u00e9es participants<\/small><\/h3>\n<p><small>Pr\u00e8s de 130 \u00e9l\u00e8ves ont compos\u00e9 lors de cette finale durant les 7 minutes de l\u2019\u00e9preuve puis, le temps de la correction, ont pu profiter d\u2019une conf\u00e9rence anim\u00e9e par M. Ray, enseignant de math\u00e9matiques, sur le th\u00e8me de l&rsquo;histoire des chiffres. La remise des prix s&rsquo;en est suivie avant de cl\u00f4turer cette \u00e9dition par une collation bien m\u00e9rit\u00e9e.<\/small><\/p>\n<p><small>Nous remercions pour leur participation :<\/small><\/p>\n<p>La ville de Narbonne et la communaut\u00e9 d\u2019agglom\u00e9ration<\/p>\n<p>La D.A.A.C. (Acad\u00e9mie de Montpellier)<\/p>\n<p><small>Les Chefs d\u2019Etablissements et enseignants des coll\u00e8ges \u2013 lyc\u00e9es ayant particip\u00e9 \u00e0 cette \u00e9preuve.<\/small><br \/>\n<small><\/small><\/p>\n<p><small>Le Conseil G\u00e9n\u00e9ral de L&rsquo;Aude<\/small><\/p>\n<p><small>L\u2019A.P.M.E.P. (Association des Professeurs de Math\u00e9matiques de l\u2019Enseignement Public)<\/small><\/p>\n<p>Les \u00e9ditions A.C.L.<\/p>\n<p>La MAIF<\/p>\n<p>Acti-City<\/p>\n<p>L\u2019Agence CIC de Coursan<\/p>\n<p>CASIO<\/p>\n<p>Ainsi que les agents et enseignants ayant \u0153uvr\u00e9 avant, pendant et apr\u00e8s la manifestation.<\/p>\n<h2>Les participants\u00a0:<\/h2>\n<p><span style=\"text-decoration: underline;\"><em><strong><span style=\"color: #993366;\">Lyc\u00e9es<\/span><\/strong><\/em><\/span><span style=\"color: #993366;\">\u00a0<span style=\"color: #000000;\">(3)\u00a0<\/span><span style=\"color: #000000;\">: Narbonne : \u00a0Diderot et Lacroix (2Egt) ; Eiffel (2Pro)<\/span><\/span><\/p>\n<p><span style=\"color: #0000ff;\"><em><span style=\"text-decoration: underline;\"><strong><span style=\"color: #3366ff;\">C<\/span><span style=\"color: #3366ff;\">oll\u00e8ges<\/span><\/strong><\/span><\/em><\/span><span style=\"color: #0000ff;\"><span style=\"color: #000000;\">\u00a0(12) :<\/span><\/span><small><small>\u00a0\u00a0<\/small><\/small>K&amp;M Krafft (B\u00e9ziers)\u00a0; Corbi\u00e8res Maritimes (Sigean) ; Grazailles et Chenier (Carcassonne) ; Brassens , Cit\u00e9 , Ferry, Hugo et Montesquieu (Narbonne) ; M. Albert (St Nazaire d&rsquo;Aude) ; Anglade (L\u00e9zignan-Corbi\u00e8res) ; Les Mailheuls (Coursan)<\/p>\n","protected":false},"excerpt":{"rendered":"<p>Pour la premi\u00e8re \u00e9dition du concours, la Finale s\u2019est d\u00e9roul\u00e9e le mercredi 27 mai\u00a02009 \u00e0 la salle des F\u00eates du\u00a0 Palais des Sports, des Arts, et du Travail de la ville de Narbonne, sous la pr\u00e9sidence de M. Andrieu, Principale &hellip; <a href=\"https:\/\/www.calculmentalcoursan.fr\/?page_id=427\">Continuer la lecture <span class=\"meta-nav\">&rarr;<\/span><\/a><\/p>\n","protected":false},"author":2,"featured_media":0,"parent":16,"menu_order":0,"comment_status":"closed","ping_status":"open","template":"","meta":[],"_links":{"self":[{"href":"https:\/\/www.calculmentalcoursan.fr\/index.php?rest_route=\/wp\/v2\/pages\/427"}],"collection":[{"href":"https:\/\/www.calculmentalcoursan.fr\/index.php?rest_route=\/wp\/v2\/pages"}],"about":[{"href":"https:\/\/www.calculmentalcoursan.fr\/index.php?rest_route=\/wp\/v2\/types\/page"}],"author":[{"embeddable":true,"href":"https:\/\/www.calculmentalcoursan.fr\/index.php?rest_route=\/wp\/v2\/users\/2"}],"replies":[{"embeddable":true,"href":"https:\/\/www.calculmentalcoursan.fr\/index.php?rest_route=%2Fwp%2Fv2%2Fcomments&post=427"}],"version-history":[{"count":11,"href":"https:\/\/www.calculmentalcoursan.fr\/index.php?rest_route=\/wp\/v2\/pages\/427\/revisions"}],"predecessor-version":[{"id":545,"href":"https:\/\/www.calculmentalcoursan.fr\/index.php?rest_route=\/wp\/v2\/pages\/427\/revisions\/545"}],"up":[{"embeddable":true,"href":"https:\/\/www.calculmentalcoursan.fr\/index.php?rest_route=\/wp\/v2\/pages\/16"}],"wp:attachment":[{"href":"https:\/\/www.calculmentalcoursan.fr\/index.php?rest_route=%2Fwp%2Fv2%2Fmedia&parent=427"}],"curies":[{"name":"wp","href":"https:\/\/api.w.org\/{rel}","templated":true}]}}