{"id":437,"date":"2014-11-28T19:24:02","date_gmt":"2014-11-28T18:24:02","guid":{"rendered":"http:\/\/www.calculmentalcoursan.fr\/?page_id=437"},"modified":"2014-12-26T09:01:21","modified_gmt":"2014-12-26T08:01:21","slug":"2007-2008","status":"publish","type":"page","link":"https:\/\/www.calculmentalcoursan.fr\/?page_id=437","title":{"rendered":"2007 &#8211; 2008"},"content":{"rendered":"<p>Le concours a \u00e9t\u00e9 \u00ab\u00a0test\u00e9\u00a0\u00bb sur les \u00e9l\u00e8ves du coll\u00e8ge de Coursan uniquement.<\/p>\n<p>4 \u00e9l\u00e8ves par classe ont \u00e9t\u00e9 s\u00e9lectionn\u00e9s pour participer \u00e0 la finale.<\/p>\n<p>La finale s&rsquo;est d\u00e9roul\u00e9e sous le format des 32 calculs \u00e9crits \u00e0 terminer en 7 min.<\/p>\n<p>Une remise des prix a cl\u00f4tur\u00e9 cette premi\u00e8re \u00e9dition, en pr\u00e9sence du personnel de direction de l&rsquo;Etablissement et des enseignants de math\u00e9matiques. Publications math\u00e9matiques, jeux de r\u00e9flexion et m\u00eame une calculatrice type lyc\u00e9e pour le meilleur \u00e9l\u00e8ve de 3\u00b0, ont \u00e9t\u00e9 offerts aux plus m\u00e9ritants.<\/p>\n<p><a href=\"http:\/\/www.calculmentalcoursan.fr\/wp-content\/uploads\/2014\/11\/classmt_calc-ment081.pdf\" target=\"_blank\">palmar\u00e8s 2007- 2008<\/a><\/p>\n<p>&nbsp;<\/p>\n<p>&nbsp;<\/p>\n","protected":false},"excerpt":{"rendered":"<p>Le concours a \u00e9t\u00e9 \u00ab\u00a0test\u00e9\u00a0\u00bb sur les \u00e9l\u00e8ves du coll\u00e8ge de Coursan uniquement. 4 \u00e9l\u00e8ves par classe ont \u00e9t\u00e9 s\u00e9lectionn\u00e9s pour participer \u00e0 la finale. La finale s&rsquo;est d\u00e9roul\u00e9e sous le format des 32 calculs \u00e9crits \u00e0 terminer en 7 &hellip; <a href=\"https:\/\/www.calculmentalcoursan.fr\/?page_id=437\">Continuer la lecture <span class=\"meta-nav\">&rarr;<\/span><\/a><\/p>\n","protected":false},"author":2,"featured_media":0,"parent":16,"menu_order":0,"comment_status":"closed","ping_status":"open","template":"","meta":[],"_links":{"self":[{"href":"https:\/\/www.calculmentalcoursan.fr\/index.php?rest_route=\/wp\/v2\/pages\/437"}],"collection":[{"href":"https:\/\/www.calculmentalcoursan.fr\/index.php?rest_route=\/wp\/v2\/pages"}],"about":[{"href":"https:\/\/www.calculmentalcoursan.fr\/index.php?rest_route=\/wp\/v2\/types\/page"}],"author":[{"embeddable":true,"href":"https:\/\/www.calculmentalcoursan.fr\/index.php?rest_route=\/wp\/v2\/users\/2"}],"replies":[{"embeddable":true,"href":"https:\/\/www.calculmentalcoursan.fr\/index.php?rest_route=%2Fwp%2Fv2%2Fcomments&post=437"}],"version-history":[{"count":7,"href":"https:\/\/www.calculmentalcoursan.fr\/index.php?rest_route=\/wp\/v2\/pages\/437\/revisions"}],"predecessor-version":[{"id":538,"href":"https:\/\/www.calculmentalcoursan.fr\/index.php?rest_route=\/wp\/v2\/pages\/437\/revisions\/538"}],"up":[{"embeddable":true,"href":"https:\/\/www.calculmentalcoursan.fr\/index.php?rest_route=\/wp\/v2\/pages\/16"}],"wp:attachment":[{"href":"https:\/\/www.calculmentalcoursan.fr\/index.php?rest_route=%2Fwp%2Fv2%2Fmedia&parent=437"}],"curies":[{"name":"wp","href":"https:\/\/api.w.org\/{rel}","templated":true}]}}