{"id":745,"date":"2017-11-20T11:09:08","date_gmt":"2017-11-20T10:09:08","guid":{"rendered":"http:\/\/www.calculmentalcoursan.fr\/?page_id=745"},"modified":"2017-11-20T11:15:19","modified_gmt":"2017-11-20T10:15:19","slug":"2015-2016","status":"publish","type":"page","link":"https:\/\/www.calculmentalcoursan.fr\/?page_id=745","title":{"rendered":"2015 &#8211; 2016"},"content":{"rendered":"<p>La finale 2016 du concours de calcul mental \u00ab\u00a0Jeux de nombres en 7&rsquo;timanie\u00a0\u00bb s&rsquo;est d\u00e9roul\u00e9e le mercredi 11 mai 2016 au Palais des Sports, des Arts et du Travail de la ville de Narbonne sous la pr\u00e9sidence de M. Lamberte, Principal du coll\u00e8ge \u00ab\u00a0Les Mailheuls\u00a0\u00bb de Coursan et en pr\u00e9sence de M. G. Roques, IDEN.<\/p>\n<p>Pr\u00e8s de 200 \u00e9l\u00e8ves ont concouru pendant les 7 minutes de l&rsquo;\u00e9preuve.<\/p>\n<p>Lors de la correction, les participants ont pu prendre part \u00e0 la collation, pr\u00e9par\u00e9e par les agents du coll\u00e8ge et d\u00e9guster les excellentes viennoiseries offertes par la boulangerie \u00ab\u00a0Au si bel \u00e9pi\u00a0\u00bb de Coursan.<\/p>\n<p>S&rsquo;en est suivie la remise des prix tant attendue. De nombreux lots ont pu \u00eatre offerts \u00e0 tous les finalistes gr\u00e2ce \u00e0 la g\u00e9n\u00e9rosit\u00e9 de nombreux donateurs :<\/p>\n<p>Le Conseil D\u00e9partemental Aude &#8211; Le Syndicat Intercommunal de Gestion du gymnase du coll\u00e8ge de Coursan &#8211; La mairie de Narbonne &#8211; Le Grand Narbonne &#8211; L&rsquo;Imprimerie Gavanon &#8211; La MGEN &#8211; Le MegaCGR Narbonne &#8211; LA MAIF &#8211; Acti-City &#8211; Le Mus\u00e9e des Dinosaures &#8211; Le Club de voile de La Nautique &#8211; Callipage\u00a0Narbonne &#8211; Plein Ciel Carcassonne &#8211; @Computers Carcassonne &#8211; Espace Culturel Leclerc Carcassonne &#8211; Les Editions ACL &#8211; L&rsquo;APMEP (R\u00e9gionale Montpellier).<\/p>\n<p>Je tiens \u00e9galement \u00e0 remercier ceux qui permettent que le concours se passe dans les meilleures conditions : Le personnel administratif et technique du Coll\u00e8ge les Mailheuls, \u00a0des coll\u00e8ges Montesquieu et V. Hugo pour la mise en place et le nettoyage de la salle, \u00a0tous les enseignants qui relaient le concours, accompagnent leurs \u00e9l\u00e8ves, corrigent, trient, aident \u00e0 la remise des prix et M. C. De Pablo pour sa pr\u00e9sence et son soutien jamais d\u00e9mentis.<\/p>\n<p>Je tiens \u00e9galement \u00e0 remercier Mme Cortella, Directrice de l&rsquo;IREM Montpellier pour son soutien.<\/p>\n<p>Je tiens \u00e9galement \u00e0 apporter mon sinc\u00e8re soutien \u00e0 Bernard C.<\/p>\n<p><strong>Les participants<\/strong> :<\/p>\n<p><strong>LYC\u00c9ES<\/strong> : Lacroix (Narbonne) &#8211; J. Fil (Carcassonne) &#8211; L. Michel (Narbonne) &#8211; P. Sabatier (Carcassonne)<\/p>\n<p><strong>COLL\u00c8GES<\/strong> : Ferry (dont Segpa) (Narbonne) &#8211; L\u00e9zignan &#8211; Vendres (34) &#8211; Grazailles (Carcassonne) &#8211; V. Hugo (dont Segpa) (Narbonne) &#8211; Sigean &#8211; Montesquieu (Narbonne) &#8211; St Nazaire d&rsquo;Aude &#8211; Varsovie (Carcassonne) &#8211; Cit\u00e9 (Narbonne) &#8211; Institution St Joseph (Limoux) &#8211; Coursan (!)<\/p>\n<p><strong>\u00c9COLES<\/strong> : Fleury d&rsquo;Aude &#8211; Ouveillan &#8211; Bizanet &#8211; Vinassan &#8211; J.Jaur\u00e8s (Narbonne) &#8211; Salles d&rsquo;Aude &#8211; Marcorignan &#8211; Chavernac (Coursan) &#8211; J. Miquel (Coursan) &#8211; Bize-Minervois \u00a0&#8211; Pouzols-Minervois &#8211; Sall\u00e8les d&rsquo;Aude &#8211; St Nazaire d&rsquo;Aude &#8211; St Marcel \/ Aude &#8211; J. Mac\u00e9 (Narbonne)<\/p>\n<p>&nbsp;<\/p>\n<p>Le palmar\u00e8s est en ligne : <a href=\"http:\/\/www.calculmentalcoursan.fr\/wp-content\/uploads\/2016\/05\/Palmares2016.pdf\" target=\"_blank\" rel=\"noopener\">Palmar\u00e8s 2016<\/a><\/p>\n<p>Quelques photos : D<a href=\"http:\/\/www.calculmentalcoursan.fr\/wp-content\/uploads\/2016\/05\/diaporama-site-2016.pdf\" target=\"_blank\" rel=\"noopener\">iaporama2016<\/a><\/p>\n<p>Les sujets :\u00a0<a href=\"http:\/\/www.calculmentalcoursan.fr\/wp-content\/uploads\/2016\/05\/sujets_demifinale16.pdf\" target=\"_blank\" rel=\"noopener\">sujets demi-finales16<\/a>\u00a0 \u00a0 \u00a0 \u00a0 \u00a0 \u00a0 \u00a0 \u00a0 \u00a0<a href=\"http:\/\/www.calculmentalcoursan.fr\/wp-content\/uploads\/2016\/05\/sujets_finale16.pdf\" target=\"_blank\" rel=\"noopener\">sujets finale 16<\/a><\/p>\n<p>Presse : <a href=\"http:\/\/www.lindependant.fr\/2016\/05\/18\/jeux-de-nombres-en-7-timanie-ne-calcule-plus-son-succes,2200446.php\" target=\"_blank\" rel=\"noopener\">L&rsquo;ind\u00e9pendant 19\/05\/16<\/a><\/p>\n","protected":false},"excerpt":{"rendered":"<p>La finale 2016 du concours de calcul mental \u00ab\u00a0Jeux de nombres en 7&rsquo;timanie\u00a0\u00bb s&rsquo;est d\u00e9roul\u00e9e le mercredi 11 mai 2016 au Palais des Sports, des Arts et du Travail de la ville de Narbonne sous la pr\u00e9sidence de M. Lamberte, &hellip; <a href=\"https:\/\/www.calculmentalcoursan.fr\/?page_id=745\">Continuer la lecture <span class=\"meta-nav\">&rarr;<\/span><\/a><\/p>\n","protected":false},"author":2,"featured_media":0,"parent":16,"menu_order":0,"comment_status":"closed","ping_status":"closed","template":"","meta":[],"_links":{"self":[{"href":"https:\/\/www.calculmentalcoursan.fr\/index.php?rest_route=\/wp\/v2\/pages\/745"}],"collection":[{"href":"https:\/\/www.calculmentalcoursan.fr\/index.php?rest_route=\/wp\/v2\/pages"}],"about":[{"href":"https:\/\/www.calculmentalcoursan.fr\/index.php?rest_route=\/wp\/v2\/types\/page"}],"author":[{"embeddable":true,"href":"https:\/\/www.calculmentalcoursan.fr\/index.php?rest_route=\/wp\/v2\/users\/2"}],"replies":[{"embeddable":true,"href":"https:\/\/www.calculmentalcoursan.fr\/index.php?rest_route=%2Fwp%2Fv2%2Fcomments&post=745"}],"version-history":[{"count":3,"href":"https:\/\/www.calculmentalcoursan.fr\/index.php?rest_route=\/wp\/v2\/pages\/745\/revisions"}],"predecessor-version":[{"id":748,"href":"https:\/\/www.calculmentalcoursan.fr\/index.php?rest_route=\/wp\/v2\/pages\/745\/revisions\/748"}],"up":[{"embeddable":true,"href":"https:\/\/www.calculmentalcoursan.fr\/index.php?rest_route=\/wp\/v2\/pages\/16"}],"wp:attachment":[{"href":"https:\/\/www.calculmentalcoursan.fr\/index.php?rest_route=%2Fwp%2Fv2%2Fmedia&parent=745"}],"curies":[{"name":"wp","href":"https:\/\/api.w.org\/{rel}","templated":true}]}}