{"id":829,"date":"2019-01-06T23:53:29","date_gmt":"2019-01-06T22:53:29","guid":{"rendered":"http:\/\/www.calculmentalcoursan.fr\/?page_id=829"},"modified":"2019-01-06T23:54:37","modified_gmt":"2019-01-06T22:54:37","slug":"2016-2017","status":"publish","type":"page","link":"https:\/\/www.calculmentalcoursan.fr\/?page_id=829","title":{"rendered":"2016 &#8211; 2017"},"content":{"rendered":"<p>Ce mercredi 3 mai 2017 s\u2019est d\u00e9roul\u00e9e la finale du concours de calcul mental, rapide et r\u00e9fl\u00e9chi, \u00ab\u00a0Jeux de nombres en 7\u2019timanie\u00a0\u00bb, au Palais des Sports , des Arts et du Travail de la ville de Narbonne.<\/p>\n<p>Sous la pr\u00e9sidence de M. P. Lamberte, Principal du coll\u00e8ge \u00ab\u00a0Les Mailheuls de Coursan\u00a0\u00bb et en pr\u00e9sence de Mme Anne Cortella, directrice de l\u2019Institut de Recherche sur l\u2019Enseignement des Math\u00e9matiques de Montpellier, de Mme Pierrette Richard, pr\u00e9sidente de la section MGEN de l\u2019Aude, pr\u00e8s de 200 \u00e9l\u00e8ves repr\u00e9sentant 32 \u00e9tablissements de l\u2019Aude et de l\u2019H\u00e9rault, se sont affront\u00e9s pendant les 7 minutes r\u00e9glementaires de l\u2019\u00e9preuve.<\/p>\n<p>Pendant que les finalistes et leurs accompagnateurs profitaient de la collation pr\u00e9par\u00e9e par les agents du coll\u00e8ge \u00ab\u00a0Les Mailheuls\u00a0\u00bb, les enseignants ont corrig\u00e9 au plus vite les copies puis saisi et tri\u00e9 les r\u00e9sultats afin que la remise des prix tant attendue arrive enfin.<\/p>\n<p>Une soixantaine de valeureux participants se sont ainsi vus remettre sur la sc\u00e8ne\u00a0leurs lots tant m\u00e9rit\u00e9s , sous les applaudissements nourris des spectateurs. Les autres finalistes ont \u00e9t\u00e9 \u00e9galement r\u00e9compens\u00e9s en recevant un dipl\u00f4me et des publications math\u00e9matico-ludiques.<\/p>\n<p>Parmi les lots distribu\u00e9s, on trouve : Une imprimante, une tablette tactile, un t\u00e9l\u00e9phone portable, des coupes, livres, casques audio, cl\u00e9s USB, cerfs-volants, calculatrices, jeux de r\u00e9flexion, planches de tatouages, stage de voile, entr\u00e9es Dinosaures \u2026<\/p>\n<p>Nous tenons \u00e0 remercier pour leur collaboration, leur aide :<\/p>\n<p>Le Conseil D\u00e9partemental de L\u2019Aude \u2013 Le Syndicat Intercommunal de Gestion du Gymnase du coll\u00e8ge de Coursan et la mairie de Coursan \u2013 La mairie de Narbonne \u2013 Le Grand Narbonne \u2013 La section MGEN de l\u2019Aude \u2013 L\u2019IREM de Montpellier \u2013 L\u2019Imprimerie GAVANON \u2013 Les Editions ACL \u2013 Le centre culturel Leclerc de Carcassonne \u2013 @Computer (Carcassonne) \u2013 Buro+ Callipage (Narbonne) \u2013 Cultura (Narbonne) \u2013 Le club de voile de La Nautique \u2013 Le Mus\u00e9e des dinosaures (Esp\u00e9raza)<\/p>\n<p>Claude De Pablo (Correspondant Midi-Libre, Ind\u00e9pendant pour Coursan)<\/p>\n<p>C. Gibelin, pour le relai des informations aupr\u00e8s de l\u2019Inspection du primaire<\/p>\n<p>Nous tenons \u00e9galement \u00e0 remercier :<\/p>\n<p>* Les personnels techniques et administratifs du coll\u00e8ge \u00ab\u00a0Les Mailheuls\u00a0\u00bb, des coll\u00e8ges V. Hugo et J. Ferry,\u00a0S. Datin pour son \u00e9coute, sa disponibilit\u00e9<\/p>\n<p>* Tous les enseignants qui relaient le concours dans leurs \u00e9tablissements,<\/p>\n<p>* Tous les enseignants qui ont oeuvr\u00e9 pour la correction, la saisie des r\u00e9sultats,<\/p>\n<p>* L. Blasco, B. Collignon, L. Bruneau, et \u00a0Claude P. pour leur aide si pr\u00e9cieuse \u00e0 la pr\u00e9paration de la salle, remise des prix, traitement informatique<\/p>\n<p>* M. Driou pour les lots obtenus du c\u00f4t\u00e9 de Carcassonne<\/p>\n<p>* Christine P. \u00a0pour sa patience et l\u2019aide au rangement de la salle.<\/p>\n<p><a href=\"http:\/\/www.calculmentalcoursan.fr\/wp-content\/uploads\/2017\/05\/Palmares2017.pdf\" target=\"_blank\" rel=\"noopener noreferrer\">PALMARES 2017<\/a>\u00a0 \u00a0 \u00a0 \u00a0\u00a0<a href=\"http:\/\/www.calculmentalcoursan.fr\/wp-content\/uploads\/2017\/05\/sujets_finale17.pdf\" target=\"_blank\" rel=\"noopener noreferrer\">SUJETS FINALE2017<\/a>\u00a0 \u00a0 \u00a0 \u00a0 \u00a0\u00a0<a href=\"http:\/\/www.calculmentalcoursan.fr\/wp-content\/uploads\/2017\/05\/sujets_demifinale17.pdf\" target=\"_blank\" rel=\"noopener noreferrer\">SUJETS 1\/2FINALE 2017<\/a><\/p>\n","protected":false},"excerpt":{"rendered":"<p>Ce mercredi 3 mai 2017 s\u2019est d\u00e9roul\u00e9e la finale du concours de calcul mental, rapide et r\u00e9fl\u00e9chi, \u00ab\u00a0Jeux de nombres en 7\u2019timanie\u00a0\u00bb, au Palais des Sports , des Arts et du Travail de la ville de Narbonne. Sous la pr\u00e9sidence &hellip; <a href=\"https:\/\/www.calculmentalcoursan.fr\/?page_id=829\">Continuer la lecture <span class=\"meta-nav\">&rarr;<\/span><\/a><\/p>\n","protected":false},"author":2,"featured_media":0,"parent":16,"menu_order":0,"comment_status":"closed","ping_status":"closed","template":"","meta":[],"_links":{"self":[{"href":"https:\/\/www.calculmentalcoursan.fr\/index.php?rest_route=\/wp\/v2\/pages\/829"}],"collection":[{"href":"https:\/\/www.calculmentalcoursan.fr\/index.php?rest_route=\/wp\/v2\/pages"}],"about":[{"href":"https:\/\/www.calculmentalcoursan.fr\/index.php?rest_route=\/wp\/v2\/types\/page"}],"author":[{"embeddable":true,"href":"https:\/\/www.calculmentalcoursan.fr\/index.php?rest_route=\/wp\/v2\/users\/2"}],"replies":[{"embeddable":true,"href":"https:\/\/www.calculmentalcoursan.fr\/index.php?rest_route=%2Fwp%2Fv2%2Fcomments&post=829"}],"version-history":[{"count":2,"href":"https:\/\/www.calculmentalcoursan.fr\/index.php?rest_route=\/wp\/v2\/pages\/829\/revisions"}],"predecessor-version":[{"id":831,"href":"https:\/\/www.calculmentalcoursan.fr\/index.php?rest_route=\/wp\/v2\/pages\/829\/revisions\/831"}],"up":[{"embeddable":true,"href":"https:\/\/www.calculmentalcoursan.fr\/index.php?rest_route=\/wp\/v2\/pages\/16"}],"wp:attachment":[{"href":"https:\/\/www.calculmentalcoursan.fr\/index.php?rest_route=%2Fwp%2Fv2%2Fmedia&parent=829"}],"curies":[{"name":"wp","href":"https:\/\/api.w.org\/{rel}","templated":true}]}}