{"id":895,"date":"2019-06-27T15:15:43","date_gmt":"2019-06-27T13:15:43","guid":{"rendered":"http:\/\/www.calculmentalcoursan.fr\/?page_id=895"},"modified":"2019-06-27T15:19:46","modified_gmt":"2019-06-27T13:19:46","slug":"2017-2018","status":"publish","type":"page","link":"https:\/\/www.calculmentalcoursan.fr\/?page_id=895","title":{"rendered":"2017 &#8211; 2018"},"content":{"rendered":"<h1 class=\"entry-title\">Finale 2018<\/h1>\n<div class=\"entry-meta\"><span class=\"meta-prep meta-prep-author\">Publi\u00e9 le<\/span>\u00a0<a title=\"0 h 19 min\" href=\"http:\/\/www.calculmentalcoursan.fr\/?p=810\" rel=\"bookmark\"><span class=\"entry-date\">12 avril 2018<\/span><\/a>\u00a0<span class=\"meta-sep\">par<\/span>\u00a0<span class=\"author vcard\"><a class=\"url fn n\" title=\"Afficher tous les articles par pierre\" href=\"http:\/\/www.calculmentalcoursan.fr\/?author=2\">pierre<\/a><\/span><\/div>\n<div class=\"entry-content\">\n<p>La\u00a0 10\u00e8me finale du concours de calcul mental, rapide et r\u00e9fl\u00e9chi, \u00ab\u00a0Jeux de nombres en 7\u2019timanie\u00a0\u00bb,\u00a0 s\u2019est d\u00e9roul\u00e9e le mercredi 4 avril 2018 au Palais des Sports , des Arts et du Travail de la ville de Narbonne.<\/p>\n<p>Sous la pr\u00e9sidence de M. P. Lamberte, Principal du coll\u00e8ge \u00ab\u00a0Les Mailheuls de Coursan\u00a0\u00bb , en pr\u00e9sence de Mme Lap\u00e9rouse et de M. Roques , IEN, de M. Chartreux (mairie de Coursan) et de Mme Pierrette Richard, pr\u00e9sidente de la section MGEN de l\u2019Aude, plus de 200 \u00e9l\u00e8ves repr\u00e9sentant 37 \u00e9tablissements de l\u2019Aude et de l\u2019H\u00e9rault, se sont affront\u00e9s pendant les 7 minutes r\u00e9glementaires de l\u2019\u00e9preuve. De nouveaux \u00e9tablissements, les \u00e9coles Montmorency , Pasteur (Narbonne), Peyriac-Minervois, les coll\u00e8ges Alain (Carcassonne) et A. Courri\u00e8res (Cuxac-Cabard\u00e8s) ont d\u00e9couvert le concours. Nous les remercions de leur attrait pour cette manifestation.<\/p>\n<p>Pendant que les finalistes et leurs accompagnateurs profitaient de la collation pr\u00e9par\u00e9e par les agents du coll\u00e8ge \u00ab\u00a0Les Mailheuls\u00a0\u00bb, les enseignants ont corrig\u00e9 au plus vite les copies puis saisi et tri\u00e9 les r\u00e9sultats afin que la remise des prix tant attendue arrive enfin.<\/p>\n<p>Les 10 meilleurs de chaque niveau (6\u00e8 \u2013 5\u00e8 \u2013 4\u00e8 \u2013 3\u00e8 \u2013 2nde EGT) et les 15 meilleurs \u00e9l\u00e8ves de CM2 se sont vus remettre leurs r\u00e9compenses bien m\u00e9rit\u00e9es sur la sc\u00e8ne, en particulier pour les vainqueurs des niveaux CM2 et 4\u00e8mes qui ont r\u00e9ussi le sans-faute. Les autres finalistes ont \u00e9t\u00e9 \u00e9galement r\u00e9compens\u00e9s en recevant un dipl\u00f4me et des publications math\u00e9matico-ludiques.<\/p>\n<p>Parmi les lots distribu\u00e9s, on trouve : Une imprimante, casques audio, cl\u00e9s USB, cerfs-volants, calculatrices, jeux de r\u00e9flexion, livres,\u00a0 stage de voile, entr\u00e9es Dinosaures, ch\u00e8ques Acti-City, entr\u00e9es piscine-patinoire, entr\u00e9es Escape Game \u2026<\/p>\n<p>Nous tenons \u00e0 remercier pour leur collaboration, leur aide :<\/p>\n<p>Le Conseil D\u00e9partemental de L\u2019Aude \u2013 Le Syndicat Intercommunal de Gestion du Gymnase du coll\u00e8ge de Coursan et la mairie de Coursan \u2013 La mairie de Narbonne \u2013 Le Grand Narbonne \u2013 La section MGEN de l\u2019Aude \u2013 La\u00a0CASDEN (d\u00e9l\u00e9gation de l\u2019Aude)\u2013 L\u2019Imprimerie GAVANON \u2013 Les Editions ACL \u2013 Le centre culturel Leclerc de Carcassonne \u2013 @Computer (Carcassonne) \u2013 Buro+ Callipage (Narbonne) \u2013 Cultura (Narbonne) \u2013 Le club de voile de La Nautique \u2013 Le Mus\u00e9e des dinosaures (Esp\u00e9raza) \u2013 EscapeYourself Narbonne \u2013 L\u2019APMEP (r\u00e9gionale Montpellier)<\/p>\n<p>Claude De Pablo (Correspondant Midi-Libre, Ind\u00e9pendant pour Coursan)<\/p>\n<p>C. Gibelin, pour le relai des informations aupr\u00e8s de l\u2019Inspection du primaire<\/p>\n<p>Nous tenons \u00e9galement \u00e0 remercier :<\/p>\n<p>* Les personnels techniques et administratifs du coll\u00e8ge \u00ab\u00a0Les Mailheuls\u00a0\u00bb,\u00a0S. Datin pour son \u00e9coute, sa disponibilit\u00e9,<\/p>\n<p>* Tous les enseignants qui relaient le concours dans leurs \u00e9tablissements,<\/p>\n<p>* Tous les enseignants qui ont oeuvr\u00e9 pour la correction, la saisie des r\u00e9sultats,<\/p>\n<p>* L. Blasco, B. Collignon, L. Bruneau,\u00a0 pour leur aide si pr\u00e9cieuse \u00e0 la pr\u00e9paration de la salle, remise des prix, traitement informatique<\/p>\n<p>* M. Driou pour les lots obtenus du c\u00f4t\u00e9 de Carcassonne<\/p>\n<p>Une pens\u00e9e toute particuli\u00e8re \u00e0 H. Lachambre.<\/p>\n<p><a href=\"http:\/\/www.calculmentalcoursan.fr\/wp-content\/uploads\/2018\/04\/palmares2018.pdf\" target=\"_blank\" rel=\"noopener\">PALMARES 2018<\/a><\/p>\n<p><a href=\"http:\/\/www.calculmentalcoursan.fr\/wp-content\/uploads\/2019\/01\/sujets_demifinale18.pdf\" target=\"_blank\" rel=\"noopener\">Sujet demi-finale18<\/a><\/p>\n<p><a href=\"http:\/\/www.calculmentalcoursan.fr\/wp-content\/uploads\/2019\/01\/sujets_finale18.pdf\" target=\"_blank\" rel=\"noopener\">Sujets finale18<\/a><\/p>\n<\/div>\n<p>Je tiens \u00e0 remercier, une fois encore, la mairie de Narbonne pour la confiance qu\u2019elle nous accorde et pour le pr\u00eat gratuit de la salle des f\u00eates.<\/p>\n<p><strong>Etablissements inscrits<\/strong><\/p>\n<p><strong>Ecoles<\/strong>\u00a0: R. Piquemal (St Nazaire d\u2019Aude) \u2013 St Marcel\/Aude \u2013 Pouzols-Minervois \u2013 Pasteur (Narbonne) \u2013 Chavernac (Coursan) \u2013 Ouveillan \u2013 A. Signoles (Salles d\u2019Aude) \u2013 Portel des Corbi\u00e8res \u2013 Montmorency (Narbonne)- J. Miquel (Coursan) \u2013 R. Cassin (Armissan) \u2013 J. Jaur\u00e8s (Narbonne) \u2013 A. Malraux (Fleury d\u2019Aude) \u2013 Bizanet \u2013 Olivette (Vinassan) \u2013 L Ich\u00e9 (Sall\u00e8les d\u2019Aude) \u2013 Peyriac-Minervois \u2013 J. Mac\u00e9 (Narbonne)<\/p>\n<p><strong>Coll\u00e8ges<\/strong>\u00a0: Grazailles (Carcassonne) \u2013 J. Anglade (L\u00e9zignan-Corbi\u00e8res) \u2013 F. Giroud (Vendres 34) \u2013 Varsovie (Carcassonne) \u2013 Montesquieu (Narbonne) \u2013 M. Albert (St Nazaire d\u2019Aude) \u2013 Alain (Carcassonne) \u2013 P&amp;M Curie (Rieux-Minervois) \u2013 V. Hugo (Narbonne) \u2013 Cit\u00e9 (Narbonne) \u2013 A. Courri\u00e8res (Cuxac-Cabard\u00e8s) \u2013 Institut St Joseph (Limoux) \u2013 Corbi\u00e8res-Maritimes (Sigean) \u2013 Mailheuls (Coursan)<\/p>\n<p><strong>Lyc\u00e9es<\/strong>\u00a0: E. Ferroul (L\u00e9zignan-Corbi\u00e8res) \u2013 J. Fil (Carcassonne) \u2013 Lacroix (Narbonne) \u2013 L. Michel (Narbonne) \u2013 P. Sabatier (Carcassonne)<\/p>\n","protected":false},"excerpt":{"rendered":"<p>Finale 2018 Publi\u00e9 le\u00a012 avril 2018\u00a0par\u00a0pierre La\u00a0 10\u00e8me finale du concours de calcul mental, rapide et r\u00e9fl\u00e9chi, \u00ab\u00a0Jeux de nombres en 7\u2019timanie\u00a0\u00bb,\u00a0 s\u2019est d\u00e9roul\u00e9e le mercredi 4 avril 2018 au Palais des Sports , des Arts et du Travail de &hellip; <a href=\"https:\/\/www.calculmentalcoursan.fr\/?page_id=895\">Continuer la lecture <span class=\"meta-nav\">&rarr;<\/span><\/a><\/p>\n","protected":false},"author":2,"featured_media":0,"parent":16,"menu_order":0,"comment_status":"closed","ping_status":"closed","template":"","meta":[],"_links":{"self":[{"href":"https:\/\/www.calculmentalcoursan.fr\/index.php?rest_route=\/wp\/v2\/pages\/895"}],"collection":[{"href":"https:\/\/www.calculmentalcoursan.fr\/index.php?rest_route=\/wp\/v2\/pages"}],"about":[{"href":"https:\/\/www.calculmentalcoursan.fr\/index.php?rest_route=\/wp\/v2\/types\/page"}],"author":[{"embeddable":true,"href":"https:\/\/www.calculmentalcoursan.fr\/index.php?rest_route=\/wp\/v2\/users\/2"}],"replies":[{"embeddable":true,"href":"https:\/\/www.calculmentalcoursan.fr\/index.php?rest_route=%2Fwp%2Fv2%2Fcomments&post=895"}],"version-history":[{"count":5,"href":"https:\/\/www.calculmentalcoursan.fr\/index.php?rest_route=\/wp\/v2\/pages\/895\/revisions"}],"predecessor-version":[{"id":900,"href":"https:\/\/www.calculmentalcoursan.fr\/index.php?rest_route=\/wp\/v2\/pages\/895\/revisions\/900"}],"up":[{"embeddable":true,"href":"https:\/\/www.calculmentalcoursan.fr\/index.php?rest_route=\/wp\/v2\/pages\/16"}],"wp:attachment":[{"href":"https:\/\/www.calculmentalcoursan.fr\/index.php?rest_route=%2Fwp%2Fv2%2Fmedia&parent=895"}],"curies":[{"name":"wp","href":"https:\/\/api.w.org\/{rel}","templated":true}]}}