{"id":97,"date":"2014-05-07T09:09:07","date_gmt":"2014-05-07T07:09:07","guid":{"rendered":"http:\/\/calculmentalcoursan.free.fr\/?page_id=97"},"modified":"2014-12-26T08:17:39","modified_gmt":"2014-12-26T07:17:39","slug":"2012-2013","status":"publish","type":"page","link":"https:\/\/www.calculmentalcoursan.fr\/?page_id=97","title":{"rendered":"2012 &#8211; 2013"},"content":{"rendered":"<h2>Historique<\/h2>\n<p>Ce mercredi 10 avril 2013 s&rsquo;est tenue la finale de la 5i\u00e8me \u00e9dition du concours de calcul mental \u00ab\u00a0Jeux de nombres en 7&rsquo;timanie\u00a0\u00bb . C&rsquo;est avec un sentiment d&rsquo;excitation pour certains, de stress pour d&rsquo;autres, que les 200 finalistes se sont retrouv\u00e9s en fin d&rsquo;apr\u00e8s-midi dans la salle des f\u00eates du Palais du Travail de la ville de Narbonne.<\/p>\n<p style=\"color: #000000;\">En pr\u00e9sence de M. Filion, IDEN, repr\u00e9sentant M. le DASEN de l&rsquo;Aude, M. Azalbert, repr\u00e9sentant M. Pla, Maire de Coursan, de nombreux chefs d&rsquo;\u00e9tablissements et sous la pr\u00e9sidence de M. Lamberte, Principal du coll\u00e8ge Les Mailheuls, ces \u00ab\u00a0durs\u00a0\u00bb du calcul ont planch\u00e9 pendant 7 minutes sur des sujets parfois tarabiscot\u00e9s\u00a0!<\/p>\n<p style=\"color: #000000;\">Les 31 \u00e9tablissements inscrits (\u00e9coles primaires \u2013 coll\u00e8ges \u2013 lyc\u00e9es de l&rsquo;Aude et de l&rsquo;H\u00e9rault) apr\u00e8s leurs s\u00e9lections internes avaient envoy\u00e9s leurs meilleurs repr\u00e9sentants, pr\u00eats \u00e0 relever les d\u00e9fis pr\u00e9par\u00e9s par l&rsquo;organisateur.<\/p>\n<p style=\"color: #000000;\">Apr\u00e8s ces 7 minutes, courtes mais intenses, ils ont pu profiter d&rsquo;une collation pour se remettre de leurs \u00e9motions et attendre la fin des d\u00e9lib\u00e9rations des jurys compos\u00e9s par les enseignants des \u00e9tablissements concern\u00e9s (double correction obligatoire).<\/p>\n<p style=\"color: #000000;\">Puis, apr\u00e8s une salve de remerciements (participants et accompagnateurs, g\u00e9n\u00e9reux donateurs pour les lots ou le go\u00fbter, enseignants et agents, fid\u00e8les et actifs) vint le temps de la proclamation des r\u00e9sultats. Quel bonheur pour les organisateurs de voir tous ces sourires lors de la remise des lots bien m\u00e9rit\u00e9s\u00a0: Baladeurs, cl\u00e9s Usb, places de cin\u00e9mas, abonnements gratuits \u00e0 Acti-City, abonnements d&rsquo;un an \u00e0 un antivirus Eset, publications math\u00e9matiques ACL, casquettes, dipl\u00f4mes et, bien s\u00fbr, la coupe pour le grand vainqueur de chaque niveau.<\/p>\n<p style=\"color: #000000;\">Les tr\u00e8s nombreux spectateurs (mais aussi photographes) ont pu ainsi applaudir et f\u00e9liciter les laur\u00e9ats.<\/p>\n<p style=\"color: #000000;\">Apr\u00e8s toutes ces \u00e9motions, l&rsquo;organisateur a pu clore cette \u00e9dition 2013, soulag\u00e9 et heureux d&rsquo;avoir vu autant d&rsquo;\u00e9l\u00e8ves prendre du plaisir \u00e0 \u00ab\u00a0souffrir\u00a0\u00bb, souhaitant, \u00e9galement, que tout le monde puisse se retrouver pour l&rsquo;\u00e9dition 2014.<\/p>\n<p style=\"color: #000000;\">Cette \u00e9dition 2013 ne sera r\u00e9ellement close qu&rsquo;apr\u00e8s la diffusion du reportage t\u00e9l\u00e9vis\u00e9 qui a \u00e9t\u00e9, en partie, tourn\u00e9 le mercredi 10 avril.<\/p>\n<p><small style=\"color: black;\"><big>Nous remercions pour leur participation :<\/big><\/small> La ville de Narbonne et la communaut\u00e9 d&rsquo;agglom\u00e9ration, la direction du Palais des Sports, des Arts et du Travail<\/p>\n<p>Le Syndicat Intercommunal de Gestion du Gymnase du Coll\u00e8ge de Coursan<\/p>\n<p>La D.A.A.C. (Acad\u00e9mie de Montpellier)<\/p>\n<p>L&rsquo;Inspection de Math\u00e9matiques de l&rsquo;Acad\u00e9mie de Montpellier<\/p>\n<p><span style=\"color: #000000;\">Les Chefs d&rsquo;Etablissements et enseignants des \u00e9coles &#8211; coll\u00e8ges &#8211; lyc\u00e9es ayant particip\u00e9 \u00e0 cette \u00e9preuve<\/span><span style=\"color: #000000;\"><br style=\"color: black;\" \/><span style=\"color: black;\">L&rsquo;A.P.M.E.P. (Association des Professeurs de Math\u00e9matiques de l&rsquo;Enseignement Public)<\/span><br style=\"color: black;\" \/><span style=\"color: black;\">Les \u00e9ditions A.C.L. &#8211;\u00a0<\/span><\/span><span style=\"color: #000000;\">La MGEN &#8211;\u00a0<\/span><span style=\"color: #000000;\"><span style=\"color: black;\">La MAIF &#8211;\u00a0<\/span><\/span><span style=\"color: #000000;\"><span style=\"color: black;\">La soci\u00e9t\u00e9 CD2i &#8211; L&rsquo;\u00e9diteur de logiciel ESET &#8211; Acti-City &#8211;\u00a0<\/span><\/span><span style=\"color: #000000;\"><span style=\"color: black;\">L&rsquo;Imprimerie Gavanon &#8211; M\u00e9ga C.G.R. Narbonne &#8211; \u00a0 \u00a0<\/span><\/span><span style=\"color: #000000;\"><span style=\"color: black;\">Le Mus\u00e9e des Dinosaures (Esp\u00e9raza) &#8211;\u00a0<\/span><\/span>Boulangerie \u00ab\u00a0Au si bel \u00e9pi\u00a0\u00bb (Coursan)<\/p>\n<p><span style=\"color: #000000;\">La D\u00e9p\u00eache du Midi (M. Laffitte), L&rsquo;Ind\u00e9pendant et le Le Midi-Libre (M. De Pablo)<\/span><\/p>\n<p>Ainsi que les agents et enseignants ayant \u0153uvr\u00e9 avant, pendant et apr\u00e8s la manifestation.<\/p>\n<h2>Les\u00a0\u00e9tablissements<\/h2>\n<h4><em><strong><span style=\"color: #ff0000;\">Ecoles<\/span><\/strong><\/em>\u00a0(15) :\u00a0<span style=\"color: #000000;\">Armissan\u00a0<\/span>; Bizanet ; Bize-Minervois ; Coursan Chavernac et Miquel ; Cuxac d&rsquo;Aude ; Fleury d&rsquo;Aude ; Narbonne C\u00e9zelli et Jaur\u00e8s ; Ouveillan ; Pouzols-Minervois ; St Marcel\/Aude ; \u00a0Sall\u00e8les d&rsquo;Aude ; Salles d&rsquo;Aude ; Vinassan<\/h4>\n<h4><span style=\"color: #0000ff;\"><em><strong><span style=\"color: #3366ff;\">C<\/span><span style=\"color: #3366ff;\">oll\u00e8ges<\/span><\/strong><\/em><\/span><span style=\"color: #000000;\">\u00a0(13):<\/span><span style=\"color: #0000ff;\">\u00a0<\/span><span style=\"color: #000000;\">Carcassonne Bastion , Chenier,\u00a0Grazailles et Varsovie ; Coursan ; L\u00e9zignan-Corbi\u00e8res ; Narbonne Cit\u00e9, Ferry, Montesquieu et Hugo ; Quarante (34) ; Rieux-Minervois ; St Nazaire d&rsquo;Aude<\/span>\u00a0.<\/h4>\n<h4><em><strong><span style=\"color: #993366;\">Lyc\u00e9es<\/span><\/strong><\/em><span style=\"color: #993366;\">\u00a0<span style=\"color: #000000;\">(3)<\/span><span style=\"color: #000000;\">: Narbonne Diderot, Eiffel et Lacroix<\/span><\/span><\/h4>\n<h2>Le palmar\u00e8s<\/h2>\n<p><a href=\"http:\/\/calculmentalcoursan.free.fr\/wp-content\/uploads\/2014\/06\/palmares_cm2_2013.pdf\" target=\"_blank\">palmar\u00e8s cm2 2013<\/a><\/p>\n<p><a href=\"http:\/\/calculmentalcoursan.free.fr\/wp-content\/uploads\/2014\/06\/palmares_niv6_2013.pdf\" target=\"_blank\">palmar\u00e8s sixi\u00e8mes 2013<\/a><\/p>\n<p><a href=\"http:\/\/calculmentalcoursan.free.fr\/wp-content\/uploads\/2014\/06\/palmares_niv5_2013.pdf\" target=\"_blank\">palmar\u00e8s cinqui\u00e8mes 2013<\/a><\/p>\n<p><a href=\"http:\/\/calculmentalcoursan.free.fr\/wp-content\/uploads\/2014\/06\/palmares_niv4_2013.pdf\" target=\"_blank\">palmar\u00e8s quatri\u00e8mes 2013<\/a><\/p>\n<p><a href=\"http:\/\/calculmentalcoursan.free.fr\/wp-content\/uploads\/2014\/06\/palmares_niv3_2013.pdf\" target=\"_blank\">palmar\u00e8s troisi\u00e8mes 2013<\/a><\/p>\n<p><a href=\"http:\/\/calculmentalcoursan.free.fr\/wp-content\/uploads\/2014\/06\/palmares_niv2_2013.pdf\" target=\"_blank\">palmar\u00e8s secondes 2013<\/a><\/p>\n<p><a href=\"http:\/\/calculmentalcoursan.free.fr\/wp-content\/uploads\/2014\/06\/palmares_SEGPA_2013.pdf\" target=\"_blank\">palmar\u00e8s SEGPA 2013<\/a><\/p>\n<h2>Les sujets<\/h2>\n<p><a href=\"http:\/\/calculmentalcoursan.free.fr\/wp-content\/uploads\/2014\/06\/sujets_demifinale13.pdf\" target=\"_blank\">sujets demi-finale 2013<\/a><\/p>\n<p><a href=\"http:\/\/calculmentalcoursan.free.fr\/wp-content\/uploads\/2014\/06\/sujets_finale13.pdf\" target=\"_blank\">sujets finale 2013<\/a><\/p>\n<p>(Les secondes EGT ont le m\u00eame sujet que les troisi\u00e8mes, les secondes Pro, le m\u00eame que les cinqui\u00e8mes)<\/p>\n","protected":false},"excerpt":{"rendered":"<p>Historique Ce mercredi 10 avril 2013 s&rsquo;est tenue la finale de la 5i\u00e8me \u00e9dition du concours de calcul mental \u00ab\u00a0Jeux de nombres en 7&rsquo;timanie\u00a0\u00bb . C&rsquo;est avec un sentiment d&rsquo;excitation pour certains, de stress pour d&rsquo;autres, que les 200 finalistes &hellip; <a href=\"https:\/\/www.calculmentalcoursan.fr\/?page_id=97\">Continuer la lecture <span class=\"meta-nav\">&rarr;<\/span><\/a><\/p>\n","protected":false},"author":2,"featured_media":0,"parent":16,"menu_order":0,"comment_status":"closed","ping_status":"closed","template":"","meta":[],"_links":{"self":[{"href":"https:\/\/www.calculmentalcoursan.fr\/index.php?rest_route=\/wp\/v2\/pages\/97"}],"collection":[{"href":"https:\/\/www.calculmentalcoursan.fr\/index.php?rest_route=\/wp\/v2\/pages"}],"about":[{"href":"https:\/\/www.calculmentalcoursan.fr\/index.php?rest_route=\/wp\/v2\/types\/page"}],"author":[{"embeddable":true,"href":"https:\/\/www.calculmentalcoursan.fr\/index.php?rest_route=\/wp\/v2\/users\/2"}],"replies":[{"embeddable":true,"href":"https:\/\/www.calculmentalcoursan.fr\/index.php?rest_route=%2Fwp%2Fv2%2Fcomments&post=97"}],"version-history":[{"count":6,"href":"https:\/\/www.calculmentalcoursan.fr\/index.php?rest_route=\/wp\/v2\/pages\/97\/revisions"}],"predecessor-version":[{"id":517,"href":"https:\/\/www.calculmentalcoursan.fr\/index.php?rest_route=\/wp\/v2\/pages\/97\/revisions\/517"}],"up":[{"embeddable":true,"href":"https:\/\/www.calculmentalcoursan.fr\/index.php?rest_route=\/wp\/v2\/pages\/16"}],"wp:attachment":[{"href":"https:\/\/www.calculmentalcoursan.fr\/index.php?rest_route=%2Fwp%2Fv2%2Fmedia&parent=97"}],"curies":[{"name":"wp","href":"https:\/\/api.w.org\/{rel}","templated":true}]}}